{"id":28990,"date":"2017-09-29T20:26:14","date_gmt":"2017-09-29T18:26:14","guid":{"rendered":"http:\/\/pdgeommk.preview.infomaniak.website\/?page_id=28990"},"modified":"2025-11-10T12:49:14","modified_gmt":"2025-11-10T11:49:14","slug":"contact","status":"publish","type":"page","link":"http:\/\/yogandlov.com\/en\/contact\/","title":{"rendered":"Contact"},"content":{"rendered":"<p style=\"text-align: center;\" data-wp-editing=\"1\"><a href=\"http:\/\/yogandlov.com\/wp-content\/uploads\/2021\/10\/IMG_8585.jpg\"><img loading=\"lazy\" decoding=\"async\" class=\"aligncenter wp-image-31149 size-full\" src=\"http:\/\/yogandlov.com\/wp-content\/uploads\/2021\/10\/IMG_8585.jpg\" alt=\"\" width=\"1824\" height=\"840\" srcset=\"https:\/\/yogandlov.com\/wp-content\/uploads\/2021\/10\/IMG_8585.jpg 1824w, https:\/\/yogandlov.com\/wp-content\/uploads\/2021\/10\/IMG_8585-300x138.jpg 300w, https:\/\/yogandlov.com\/wp-content\/uploads\/2021\/10\/IMG_8585-1024x472.jpg 1024w, https:\/\/yogandlov.com\/wp-content\/uploads\/2021\/10\/IMG_8585-768x354.jpg 768w, https:\/\/yogandlov.com\/wp-content\/uploads\/2021\/10\/IMG_8585-1536x707.jpg 1536w\" sizes=\"auto, (max-width: 1824px) 100vw, 1824px\" \/><\/a><\/p>\n\n\n<div style=\"height:10px\" aria-hidden=\"true\" class=\"wp-block-spacer\"><\/div>\n\n\n\n<p class=\"has-text-align-center has-text-color\" style=\"color:#0f540f\">To suscribe to my newsletter, for private classes, workshops\/retreats, or any other questions, thank you for reaching out via <\/p>\n\n\n\n<div style=\"height:11px\" aria-hidden=\"true\" class=\"wp-block-spacer\"><\/div>\n\n\n\n<p class=\"has-text-align-center\"><a href=\"mailto:carole@yogandlov.com\"><strong>carole@yogandlov.com<\/strong><\/a><\/p>\n\n\n\n<p class=\"has-text-align-center\">+351 924 354 698 ...... (also via Telegram and Signal)<\/p>\n\n\n\n<p class=\"has-text-align-center\">+41 79 530 70 41 ...... (I don't use this number at the moment)<\/p>\n\n\n\n<div style=\"height:12px\" aria-hidden=\"true\" class=\"wp-block-spacer\"><\/div>\n\n\n\n<p class=\"has-text-align-center\"><strong>TELEGRAM GROUP<\/strong><\/p>\n\n\n\n<p class=\"has-text-align-center\">You can also join the Telegram group of Yog&amp;Lov.<\/p>\n\n\n\n<p class=\"has-text-align-center\">On it, I share once a week an audio practice most of the time accompanied by a text or a reflection. <\/p>\n\n\n\n<p class=\"has-text-align-center has-text-color\" style=\"color:#086513\"><a href=\"https:\/\/t.me\/+4T92WdkzGuZlOGI0\" target=\"_blank\" rel=\"noreferrer noopener\">https:\/\/t.me\/+4T92WdkzGuZlOGI0<\/a><\/p>","protected":false},"excerpt":{"rendered":"<p>Pour vous inscrire \u00e0 ma newsletter, pour des cours priv\u00e9s, des stages\/retraites, ou pour toutes autres questions, merci de m&rsquo;\u00e9crire&nbsp;sur carole@yogandlov.com +351 924 354 698 &#8230;&#8230; (joignable \u00e9galement par Signal et Telegram) +41 79 530 70 41 &#8230;&#8230; (je n&rsquo;utilise pas ce num\u00e9ro en ce moment) GROUPE TELEGRAM Vous pouvez \u00e9galement joindre le groupe Telegram [&hellip;]<\/p>\n","protected":false},"author":1,"featured_media":0,"parent":0,"menu_order":0,"comment_status":"closed","ping_status":"closed","template":"","meta":{"footnotes":""},"class_list":["post-28990","page","type-page","status-publish","hentry"],"_links":{"self":[{"href":"http:\/\/yogandlov.com\/en\/wp-json\/wp\/v2\/pages\/28990","targetHints":{"allow":["GET"]}}],"collection":[{"href":"http:\/\/yogandlov.com\/en\/wp-json\/wp\/v2\/pages"}],"about":[{"href":"http:\/\/yogandlov.com\/en\/wp-json\/wp\/v2\/types\/page"}],"author":[{"embeddable":true,"href":"http:\/\/yogandlov.com\/en\/wp-json\/wp\/v2\/users\/1"}],"replies":[{"embeddable":true,"href":"http:\/\/yogandlov.com\/en\/wp-json\/wp\/v2\/comments?post=28990"}],"version-history":[{"count":31,"href":"http:\/\/yogandlov.com\/en\/wp-json\/wp\/v2\/pages\/28990\/revisions"}],"predecessor-version":[{"id":34646,"href":"http:\/\/yogandlov.com\/en\/wp-json\/wp\/v2\/pages\/28990\/revisions\/34646"}],"wp:attachment":[{"href":"http:\/\/yogandlov.com\/en\/wp-json\/wp\/v2\/media?parent=28990"}],"curies":[{"name":"wp","href":"https:\/\/api.w.org\/{rel}","templated":true}]}}