{"id":29110,"date":"2017-10-03T13:54:31","date_gmt":"2017-10-03T11:54:31","guid":{"rendered":"http:\/\/pdgeommk.preview.infomaniak.website\/?page_id=29110"},"modified":"2019-08-30T19:10:16","modified_gmt":"2019-08-30T17:10:16","slug":"sicile-2019","status":"publish","type":"page","link":"http:\/\/yogandlov.com\/en\/sicile-2019\/","title":{"rendered":"Sicile 2019"},"content":{"rendered":"<p><img loading=\"lazy\" decoding=\"async\" class=\"size-medium wp-image-29112 aligncenter\" src=\"http:\/\/pdgeommk.preview.infomaniak.website\/wp-content\/uploads\/2017\/10\/image_danenasicily-300x69.jpg\" alt=\"\" width=\"300\" height=\"69\" \/><\/p>\n<p style=\"text-align: center;\"><b>Du 14 au 21 septembre 2019<\/b><\/p>\n<p style=\"text-align: center;\"><span style=\"color: #993300;\">The retreat will be given in French \/ La retraite sera donn\u00e9e en fran\u00e7ais<\/span><\/p>\n<p style=\"text-align: center;\">(Il reste 2 places)<\/p>\n<p style=\"text-align: center;\"><strong>Pr\u00e9sence, l\u00e9g\u00e8ret\u00e9 et \u00e9lasticit\u00e9<\/strong><\/p>\n<p style=\"text-align: center;\">L\u2019\u00e9lasticit\u00e9, la gr\u00e2ce, la fluidit\u00e9 et la pr\u00e9sence acquises en passant d\u2019une posture \u00e0 une autre sur notre tapis, nous accompagnent aussi hors du tapis. Lorsque nous commen\u00e7ons \u00e0 observer que nous nous adaptons plus facilement aux changements dans nos vies, nous savons que notre yoga a touch\u00e9 plus que notre corps physique.<\/p>\n<p style=\"text-align: center;\">Les cours du matin (3hr) seront consacr\u00e9s \u00e0 une pratique de vinyasa (flow) et incluront du pranayama et de la m\u00e9ditation.<\/p>\n<p style=\"text-align: center;\">Les workshops de l\u2019apr\u00e8s-midi (2hr) auront lieu un apr\u00e8s-midi sur deux et vous donneront des outils pour pratique s\u00fbre mais \u00e0 la fois fluide et pleine de gr\u00e2ce.<\/p>\n<p style=\"text-align: center;\">Je vous accompagnerai durant cette semaine avec douceur, avec attention et bienveillance.<\/p>\n<p>&nbsp;<\/p>\n\n<p style=\"text-align: center;\"><strong><a href=\"https:\/\/www.danenasicily.com\" target=\"_blank\" rel=\"noopener\">www.danenasicily.com<\/a><\/strong><\/p>\n<p style=\"text-align: center;\">Dans le sud-est de la Sicile &#8211; La Masseria &#8211; est une ferme du 19\u00e8me si\u00e8cle am\u00e9nag\u00e9e pour recevoir des retraites de yoga.<\/p>\n<p style=\"text-align: center;\">Un lieu calme et charmant o\u00f9 il fait bon se reposer autour de la piscine, ne rien faire assis sur l&rsquo;une des jolies terrasses et savourer une nourriture saine. Une mer splendide \u00e0 seulement 10 &#8211; 15 minutes de voiture, des paysages dont on ne se lasse pas et des petites villes charmantes \u00e0 d\u00e9couvrir.<\/p>\n<p style=\"text-align: center;\">Une semaine qui permet de combiner une pratique de yoga plus soutenue et des vacances repos et d\u00e9couvertes.<\/p>\n\n<h3 style=\"text-align: center;\"><span style=\"color: #333399;\"><strong>Retraite et horaire<\/strong><\/span><\/h3>\n<p style=\"text-align: center;\"><span style=\"color: #1f7de0;\"><strong>Samedi 14 septembre<\/strong><\/span><\/p>\n<p style=\"text-align: center;\">Arriv\u00e9e d\u00e8s 15h par vos propres moyens.<\/p>\n<p style=\"text-align: center;\">Introduction et repas du soir.<\/p>\n<p style=\"text-align: center;\"><span style=\"color: #1f7de0;\"><strong>Dimanche 15 septembre &#8211; vendredi 20 septembre\u00a0<\/strong><\/span><\/p>\n<p style=\"text-align: center;\">D\u00e8s 7:00 Fruits, collation l\u00e9g\u00e8re<\/p>\n<p style=\"text-align: center;\">8:00 &#8211; 11:00 Pratique du matin (asana, pranayama et m\u00e9ditation)<\/p>\n<p style=\"text-align: center;\">D\u00e8s 11:15 Brunch<\/p>\n<p style=\"text-align: center;\">Temps libre<\/p>\n<p style=\"text-align: center;\">17:00 &#8211; 19:00 Pratique de l&rsquo;apr\u00e8s-midi (un apr\u00e8s-midi sur deux uniquement)<\/p>\n<p style=\"text-align: center;\">Les pratiques auront lieu dimanche, mardi et jeudi.<\/p>\n<p style=\"text-align: center;\">19:30 Repas du soir<\/p>\n<p style=\"text-align: center;\"><span style=\"color: #1f7de0;\"><b>Samedi 21 septembre<\/b><\/span><\/p>\n<p style=\"text-align: center;\">Pas de pratique le matin car les vols sont autour des 10:00.<\/p>\n<p style=\"text-align: center;\">Petit-D\u00e9jeuner avant de rentrer ou poursuivre \ud83d\ude09 par vos propres moyens.<\/p>\n\n<p><span style=\"color: #1f7de0;\"><strong>Tarifs pou<span style=\"color: #1f7de0;\">r la semaine<\/span><\/strong><\/span><\/p>\n<p>En chambre double \u00e0 1200.- CHF<\/p>\n<p>(Deux chambres partagent une salle de bain)<\/p>\n<p>En chambre simple \u00e0 1500.- CHF (sous r\u00e9serve de disponibilit\u00e9)<\/p>\n<p>(En fonction du nombre d&rsquo;inscrits, deux chambres partagent une salle de bain)<\/p>\n<p>&nbsp;<\/p>\n<p><span style=\"color: #1f7de0;\"><strong>Inclus dans le prix<\/strong><\/span><\/p>\n<ul>\n<li>Trois repas v\u00e9g\u00e9tarien (Collation l\u00e9g\u00e8re \/ brunch \/ souper).<\/li>\n<\/ul>\n<p>Inclus le repas du samedi soir \u00e0 notre arriv\u00e9e et d\u00e9jeuner (ou snack) le jour du d\u00e9part.<\/p>\n<ul>\n<li>7 nuits d&rsquo;h\u00e9bergement.<\/li>\n<li>Villa totalement r\u00e9serv\u00e9e pour nous, studio de yoga, piscine, wi-fi.<\/li>\n<li>Assistance sur place si nous avons besoin de quoique ce soit.<\/li>\n<\/ul>\n<p>&nbsp;<\/p>\n<p><span style=\"color: #1f7de0;\"><strong>Non inclus dans le prix<\/strong><\/span><\/p>\n<ul>\n<li>Les vols aller-retour.<\/li>\n<li>Le transfert depuis et jusqu\u2019\u00e0 l\u2019a\u00e9roport ou la location d&rsquo;une voiture.<\/li>\n<li>Boissons extra et autres d\u00e9penses personnelles.<\/li>\n<li>Activit\u00e9s en plus (sur rendez-vous \u2013 visite de la r\u00e9gion \u2013 d\u00e9gustation de vin \u2013 cours de cuisine).<\/li>\n<li>Massages (sur rendez-vous).<\/li>\n<li>Assurances de voyage.<\/li>\n<\/ul>\n<p>&nbsp;<\/p>\n<p><span style=\"color: #1f7de0;\"><strong>Transport<\/strong><\/span><\/p>\n<p>L&rsquo;a\u00e9roport le plus proche est celui de Catane (<a href=\"http:\/\/www.aeroporto.catania.it\/?lang=en\">http:\/\/www.aeroporto.catania.it\/?lang=en<\/a>).\u00a0Au d\u00e9part de Gen\u00e8ve, easyjet vole chaque jour et Swiss presque chaque jour.<\/p>\n<p>Le vol du samedi d&rsquo;easyJet est \u00e0 7h25, celui de Swiss est \u00e0 10h20.<\/p>\n<p>Pour ma part, je vais prendre le vol Swiss de 10h20 le samedi 14.<\/p>\n<p>La Masseria organise volontiers le transfert depuis l&rsquo;a\u00e9roport (\u00e0 vos frais). L&rsquo;autre suggestion est la location d&rsquo;une voiture. D&rsquo;ici l\u00e0, nous pourrons nous organiser entre nous afin de faire un transfert commun ou m\u00eame louer une voiture \u00e0 plusieurs.<\/p>\n<p>&nbsp;<\/p>\n<p><span style=\"color: #1f7de0;\"><strong>Inscriptions\u00a0<\/strong><\/span><\/p>\n<p><a href=\"http:\/\/yogandlov.com\/wp-content\/uploads\/2017\/10\/Formulaire-d\u2019inscription-Danena-2019-2.pdf\" target=\"_blank\" rel=\"noopener\">Formulaire d\u2019inscription Danena 2019<\/a><\/p>\n<p>&nbsp;<\/p>\n<p><span style=\"color: #1f7de0;\"><strong>Conditions de paiement<\/strong><\/span><\/p>\n<p>&#8211; 50% du montant \u00e0 payer au moment de l\u2019inscription.<\/p>\n<p>&#8211; Le solde \u00e0 r\u00e9gler au 15 juillet 2019.<\/p>\n<p>&nbsp;<\/p>\n<p><strong><span style=\"color: #1f7de0;\">Conditions d\u2019annulation<\/span>\u00a0<\/strong><\/p>\n<ul>\n<li>L\u2019acompte est non remboursable.<\/li>\n<li>A partir du 31 juillet 2019, le montant total sera retenu \u00e0 moins d\u2019avoir pu trouver un rempla\u00e7ant, alors le montant total vous sera rembours\u00e9.<\/li>\n<\/ul>\n<p>&nbsp;<\/p>\n<h6 style=\"text-align: center;\">Je me r\u00e9serve le droit d&rsquo;apporter quelques petites modifications \u00e0 l&rsquo;horaire en fonction de l&rsquo;organisation avec la Masseria.<\/h6>\n<h6 style=\"text-align: center;\">Un minimum de 10 personnes est n\u00e9cessaire pour que la retraite soit garantie.<\/h6>\n<h6 style=\"text-align: center;\">Maximum 18 \u00e9l\u00e8ves.<\/h6>\n<h3 style=\"text-align: center;\"><strong>Je me r\u00e9jouis d\u00e9j\u00e0 de partager avec vous une nouvelle semaine o\u00f9 l&rsquo;\u00e9quilibre entre pratique et d\u00e9couverte offre une r\u00e9elle parenth\u00e8se de bien-\u00eatre.<\/strong><\/h3>\n<p>&nbsp;<\/p>\n<p style=\"text-align: center;\"><span style=\"color: #1f7de0;\"><strong>\u00ab\u00a0If it speaks to your heart, allow space for it.\u00a0\u00bb Mooji<\/strong><\/span><\/p>\n<p>&nbsp;<\/p>\n<p>&nbsp;<\/p>","protected":false},"excerpt":{"rendered":"<p>Du 14 au 21 septembre 2019 The retreat will be given in French \/ La retraite sera donn\u00e9e en fran\u00e7ais (Il reste 2 places) Pr\u00e9sence, l\u00e9g\u00e8ret\u00e9 et \u00e9lasticit\u00e9 L\u2019\u00e9lasticit\u00e9, la gr\u00e2ce, la fluidit\u00e9 et la pr\u00e9sence acquises en passant d\u2019une posture \u00e0 une autre sur notre tapis, nous accompagnent aussi hors du tapis. Lorsque nous [&hellip;]<\/p>\n","protected":false},"author":1,"featured_media":0,"parent":0,"menu_order":0,"comment_status":"closed","ping_status":"closed","template":"","meta":{"footnotes":""},"class_list":["post-29110","page","type-page","status-publish","hentry"],"_links":{"self":[{"href":"http:\/\/yogandlov.com\/en\/wp-json\/wp\/v2\/pages\/29110","targetHints":{"allow":["GET"]}}],"collection":[{"href":"http:\/\/yogandlov.com\/en\/wp-json\/wp\/v2\/pages"}],"about":[{"href":"http:\/\/yogandlov.com\/en\/wp-json\/wp\/v2\/types\/page"}],"author":[{"embeddable":true,"href":"http:\/\/yogandlov.com\/en\/wp-json\/wp\/v2\/users\/1"}],"replies":[{"embeddable":true,"href":"http:\/\/yogandlov.com\/en\/wp-json\/wp\/v2\/comments?post=29110"}],"version-history":[{"count":68,"href":"http:\/\/yogandlov.com\/en\/wp-json\/wp\/v2\/pages\/29110\/revisions"}],"predecessor-version":[{"id":30006,"href":"http:\/\/yogandlov.com\/en\/wp-json\/wp\/v2\/pages\/29110\/revisions\/30006"}],"wp:attachment":[{"href":"http:\/\/yogandlov.com\/en\/wp-json\/wp\/v2\/media?parent=29110"}],"curies":[{"name":"wp","href":"https:\/\/api.w.org\/{rel}","templated":true}]}}