{"id":29245,"date":"2017-10-08T13:37:43","date_gmt":"2017-10-08T11:37:43","guid":{"rendered":"http:\/\/pdgeommk.preview.infomaniak.website\/?page_id=29245"},"modified":"2025-07-04T22:24:39","modified_gmt":"2025-07-04T20:24:39","slug":"yoga-en","status":"publish","type":"page","link":"http:\/\/yogandlov.com\/en\/yoga-en\/","title":{"rendered":"Yoga"},"content":{"rendered":"<p><img loading=\"lazy\" decoding=\"async\" class=\"aligncenter wp-image-29180 size-full\" src=\"http:\/\/yogandlov.com\/wp-content\/uploads\/2017\/10\/15637803080_4c3b6cdf9c_o-1-e1634406004382.jpg\" alt=\"\" width=\"1587\" height=\"710\"><\/p>\n\n\n<div style=\"height:26px\" aria-hidden=\"true\" class=\"wp-block-spacer\"><\/div>\n\n\n\n<p class=\"has-text-align-center has-text-color\" style=\"color:#055013\"><strong>Yogashcittavrittinirodhah<\/strong><\/p>\n\n\n\n<p class=\"has-text-align-center\"><em>Yoga is the cessation of the fluctuations of the mind.<\/em><\/p>\n\n\n\n<div style=\"height:10px\" aria-hidden=\"true\" class=\"wp-block-spacer\"><\/div>\n\n\n\n<p class=\"has-text-align-center has-text-color\" style=\"color:#055013\"><strong>Tad\u0101 drashtuh svar\u016bp\u00e9 avasth\u0101nam<\/strong><\/p>\n\n\n\n<p class=\"has-text-align-center\"><em>Then the seer abides in itself, resting in its true nature.&nbsp;<\/em><\/p>\n\n\n\n<div style=\"height:26px\" aria-hidden=\"true\" class=\"wp-block-spacer\"><\/div>\n\n\n\n<p class=\"has-text-align-center has-text-color\" style=\"color:#055013\">Presence \u30fblistening \u30fbclear vision \u30fbsilence<\/p>\n\n\n\n<div style=\"height:26px\" aria-hidden=\"true\" class=\"wp-block-spacer\"><\/div>\n\n\n\n<p class=\"has-text-align-center\">I do not teach anything, I share something that touches me.  <\/p>\n\n\n\n<p class=\"has-text-align-center\">I share a moment that brings us closer to silence, where the innate nature of being is spontaneously revealed. <\/p>\n\n\n\n<p class=\"has-text-align-center\">This sharing evolves with me, by my inner discoveries, my own experiences, through life and my many encounters. <\/p>\n\n\n\n<p class=\"has-text-align-center\">It softens with time, for it realises it has nothing to prove. <\/p>\n\n\n\n<p class=\"has-text-align-center\">It simplifies with the years, for it gets closer to what I am. <\/p>\n\n\n\n<p class=\"has-text-align-center\">It takes more and more space in my life, for I realise it is it. <\/p>\n\n\n\n<p class=\"has-text-align-center\">And it gives itself the right to be everything, detached from any doctrine, for it knows it is unlimited.  <\/p>\n\n\n\n<div style=\"height:40px\" aria-hidden=\"true\" class=\"wp-block-spacer\"><\/div>\n\n\n\n<div class=\"wp-block-image\"><figure class=\"aligncenter size-large is-resized\"><img loading=\"lazy\" decoding=\"async\" src=\"http:\/\/yogandlov.com\/wp-content\/uploads\/2022\/01\/IMG_0404-3-768x1024.jpg\" alt=\"\" class=\"wp-image-31569\" width=\"411\" height=\"548\" srcset=\"https:\/\/yogandlov.com\/wp-content\/uploads\/2022\/01\/IMG_0404-3-768x1024.jpg 768w, https:\/\/yogandlov.com\/wp-content\/uploads\/2022\/01\/IMG_0404-3-225x300.jpg 225w, https:\/\/yogandlov.com\/wp-content\/uploads\/2022\/01\/IMG_0404-3-1152x1536.jpg 1152w, https:\/\/yogandlov.com\/wp-content\/uploads\/2022\/01\/IMG_0404-3.jpg 1537w\" sizes=\"auto, (max-width: 411px) 100vw, 411px\" \/><\/figure><\/div>\n\n\n\n<div style=\"height:15px\" aria-hidden=\"true\" class=\"wp-block-spacer\"><\/div>\n\n\n\n<p class=\"has-text-align-center\">I do not need to know what it is. <\/p>\n\n\n\n<p class=\"has-text-align-center\">What matters is that it brings tranquility, listening and presence. <\/p>\n\n\n\n<p class=\"has-text-align-center\">That it brings space and transforms the fear of it into the curiosity to know oneself. <\/p>\n\n\n\n<p class=\"has-text-align-center\">That it reinforces our discernment and connects us back to our inner knowing.<\/p>\n\n\n\n<p class=\"has-text-align-center\">That it makes us want to care &#8211; for ourselves &#8211; for others &#8211; for life. <\/p>\n\n\n\n<p class=\"has-text-align-center\">That it teaches us to live with grace and authenticity each moment of our life. <\/p>\n\n\n\n<p class=\"has-text-align-center\">That it awakens us, and places us at the heart of ourselves. <\/p>\n\n\n\n<p class=\"has-text-align-center\">Where everything is love.<\/p>\n\n\n\n<p class=\"has-text-align-center\">Where we know ourselves to be that.<\/p>\n\n\n\n<div style=\"height:20px\" aria-hidden=\"true\" class=\"wp-block-spacer\"><\/div>","protected":false},"excerpt":{"rendered":"<p>Yogashcittavrittinirodhah Yoga is the cessation of the fluctuations of the mind. Tad\u0101 drashtuh svar\u016bp\u00e9 avasth\u0101nam Then the seer abides in itself, resting in its true nature.&nbsp; Presence \u30fblistening \u30fbclear vision \u30fbsilence I do not teach anything, I share something that touches me. I share a moment that brings us closer to silence, where the innate [&hellip;]<\/p>\n","protected":false},"author":1,"featured_media":0,"parent":0,"menu_order":0,"comment_status":"closed","ping_status":"closed","template":"","meta":{"footnotes":""},"class_list":["post-29245","page","type-page","status-publish","hentry"],"_links":{"self":[{"href":"http:\/\/yogandlov.com\/en\/wp-json\/wp\/v2\/pages\/29245","targetHints":{"allow":["GET"]}}],"collection":[{"href":"http:\/\/yogandlov.com\/en\/wp-json\/wp\/v2\/pages"}],"about":[{"href":"http:\/\/yogandlov.com\/en\/wp-json\/wp\/v2\/types\/page"}],"author":[{"embeddable":true,"href":"http:\/\/yogandlov.com\/en\/wp-json\/wp\/v2\/users\/1"}],"replies":[{"embeddable":true,"href":"http:\/\/yogandlov.com\/en\/wp-json\/wp\/v2\/comments?post=29245"}],"version-history":[{"count":32,"href":"http:\/\/yogandlov.com\/en\/wp-json\/wp\/v2\/pages\/29245\/revisions"}],"predecessor-version":[{"id":34547,"href":"http:\/\/yogandlov.com\/en\/wp-json\/wp\/v2\/pages\/29245\/revisions\/34547"}],"wp:attachment":[{"href":"http:\/\/yogandlov.com\/en\/wp-json\/wp\/v2\/media?parent=29245"}],"curies":[{"name":"wp","href":"https:\/\/api.w.org\/{rel}","templated":true}]}}