{"id":29552,"date":"2018-04-10T14:33:51","date_gmt":"2018-04-10T12:33:51","guid":{"rendered":"http:\/\/yogandlov.com\/?page_id=29552"},"modified":"2018-04-10T14:36:15","modified_gmt":"2018-04-10T12:36:15","slug":"sunday-workshop-at-fleur-de-vie","status":"publish","type":"page","link":"http:\/\/yogandlov.com\/en\/sunday-workshop-at-fleur-de-vie\/","title":{"rendered":"Sunday workshop at Fleur de vie"},"content":{"rendered":"<p style=\"text-align: center;\"><strong>Stage au studio Fleur de vie \u00e0 St-Sulpice<\/strong><\/p>\n<p style=\"text-align: center;\"><strong>3 juin 9h30 &#8211; 12h30<\/strong><\/p>\n<p style=\"text-align: center;\">(Workshop given in French)<\/p>\n<p>&nbsp;<\/p>\n<p><span style=\"color: #008080;\"><strong>Flow \u2013 Libre et joyeuse expression de soi.<\/strong><\/span><\/p>\n<p>&nbsp;<\/p>\n<p>Lorsque je suis immerg\u00e9 dans l\u2019action de mani\u00e8re optimale, je fais sans penser, sans lutter, avec la totalit\u00e9 de mon \u00eatre et en totale coh\u00e9rence avec celui-ci.<\/p>\n<p>&nbsp;<\/p>\n<p>Le yoga me permet de revenir au plus proche de qui je suis.<\/p>\n<p>Le mouvement me permet d\u2019exprimer librement ce que je suis.<\/p>\n<p>&nbsp;<\/p>\n<p>Nous d\u00e9buterons cette pratique de 3h par un fort retour \u00e0 soi. Nous \u00e9tablirons un solide ancrage et une structure stable ce qui nous permettra ensuite d\u2019explorer avec plus de confiance et plus consciemment la fluidit\u00e9, la l\u00e9g\u00e8ret\u00e9 et la d\u00e9tente dans le mouvement. Une pratique fluide, soutenue et respectueuse que nous terminerons par du pr\u0101n\u0101y\u0101ma et de la m\u00e9ditation.<\/p>\n<p>&nbsp;<\/p>\n<p>Un voyage amusant et l\u00e9ger vers une expression plus vraie de ce qu\u2019individuellement nous sommes.<\/p>","protected":false},"excerpt":{"rendered":"<p>Stage au studio Fleur de vie \u00e0 St-Sulpice 3 juin 9h30 &#8211; 12h30 (Workshop given in French) &nbsp; Flow \u2013 Libre et joyeuse expression de soi. &nbsp; Lorsque je suis immerg\u00e9 dans l\u2019action de mani\u00e8re optimale, je fais sans penser, sans lutter, avec la totalit\u00e9 de mon \u00eatre et en totale coh\u00e9rence avec celui-ci. &nbsp; [&hellip;]<\/p>\n","protected":false},"author":1,"featured_media":0,"parent":0,"menu_order":0,"comment_status":"closed","ping_status":"closed","template":"","meta":{"footnotes":""},"class_list":["post-29552","page","type-page","status-publish","hentry"],"_links":{"self":[{"href":"http:\/\/yogandlov.com\/en\/wp-json\/wp\/v2\/pages\/29552","targetHints":{"allow":["GET"]}}],"collection":[{"href":"http:\/\/yogandlov.com\/en\/wp-json\/wp\/v2\/pages"}],"about":[{"href":"http:\/\/yogandlov.com\/en\/wp-json\/wp\/v2\/types\/page"}],"author":[{"embeddable":true,"href":"http:\/\/yogandlov.com\/en\/wp-json\/wp\/v2\/users\/1"}],"replies":[{"embeddable":true,"href":"http:\/\/yogandlov.com\/en\/wp-json\/wp\/v2\/comments?post=29552"}],"version-history":[{"count":2,"href":"http:\/\/yogandlov.com\/en\/wp-json\/wp\/v2\/pages\/29552\/revisions"}],"predecessor-version":[{"id":29554,"href":"http:\/\/yogandlov.com\/en\/wp-json\/wp\/v2\/pages\/29552\/revisions\/29554"}],"wp:attachment":[{"href":"http:\/\/yogandlov.com\/en\/wp-json\/wp\/v2\/media?parent=29552"}],"curies":[{"name":"wp","href":"https:\/\/api.w.org\/{rel}","templated":true}]}}