{"id":31655,"date":"2022-01-26T15:01:09","date_gmt":"2022-01-26T14:01:09","guid":{"rendered":"http:\/\/yogandlov.com\/?page_id=31655"},"modified":"2022-01-26T15:03:07","modified_gmt":"2022-01-26T14:03:07","slug":"long-practices","status":"publish","type":"page","link":"http:\/\/yogandlov.com\/en\/long-practices\/","title":{"rendered":"Long practices"},"content":{"rendered":"<p>There are no current long practice scheduled. <\/p>\n\n\n\n<p>Hopefully soon. <\/p>\n\n\n\n<div style=\"height:20px\" aria-hidden=\"true\" class=\"wp-block-spacer\"><\/div>\n\n\n\n<p>Those 3h practices enable to immerse oneself even deeper in the experience. <\/p>\n\n\n\n<p>They include the work on the asanas, but they also offer more time for <meta charset=\"utf-8\">pr\u0101n\u0101y\u0101ma and meditation.<\/p>","protected":false},"excerpt":{"rendered":"<p>There are no current long practice scheduled. Hopefully soon. Those 3h practices enable to immerse oneself even deeper in the experience. They include the work on the asanas, but they also offer more time for pr\u0101n\u0101y\u0101ma and meditation.<\/p>","protected":false},"author":1,"featured_media":0,"parent":0,"menu_order":0,"comment_status":"closed","ping_status":"closed","template":"","meta":{"footnotes":""},"class_list":["post-31655","page","type-page","status-publish","hentry"],"_links":{"self":[{"href":"http:\/\/yogandlov.com\/en\/wp-json\/wp\/v2\/pages\/31655","targetHints":{"allow":["GET"]}}],"collection":[{"href":"http:\/\/yogandlov.com\/en\/wp-json\/wp\/v2\/pages"}],"about":[{"href":"http:\/\/yogandlov.com\/en\/wp-json\/wp\/v2\/types\/page"}],"author":[{"embeddable":true,"href":"http:\/\/yogandlov.com\/en\/wp-json\/wp\/v2\/users\/1"}],"replies":[{"embeddable":true,"href":"http:\/\/yogandlov.com\/en\/wp-json\/wp\/v2\/comments?post=31655"}],"version-history":[{"count":2,"href":"http:\/\/yogandlov.com\/en\/wp-json\/wp\/v2\/pages\/31655\/revisions"}],"predecessor-version":[{"id":31658,"href":"http:\/\/yogandlov.com\/en\/wp-json\/wp\/v2\/pages\/31655\/revisions\/31658"}],"wp:attachment":[{"href":"http:\/\/yogandlov.com\/en\/wp-json\/wp\/v2\/media?parent=31655"}],"curies":[{"name":"wp","href":"https:\/\/api.w.org\/{rel}","templated":true}]}}