{"id":29139,"date":"2017-10-03T16:35:02","date_gmt":"2017-10-03T14:35:02","guid":{"rendered":"http:\/\/pdgeommk.preview.infomaniak.website\/?page_id=29139"},"modified":"2025-07-04T22:24:17","modified_gmt":"2025-07-04T20:24:17","slug":"yoga","status":"publish","type":"page","link":"https:\/\/yogandlov.com\/en\/yoga\/","title":{"rendered":"Yoga"},"content":{"rendered":"<p><img loading=\"lazy\" decoding=\"async\" class=\"aligncenter wp-image-29180 size-full\" src=\"http:\/\/yogandlov.com\/wp-content\/uploads\/2017\/10\/15637803080_4c3b6cdf9c_o-1-e1634406004382.jpg\" alt=\"\" width=\"1587\" height=\"710\"><\/p>\n\n\n<div style=\"height:26px\" aria-hidden=\"true\" class=\"wp-block-spacer\"><\/div>\n\n\n\n<p class=\"has-text-align-center has-text-color\" style=\"color:#055013\"><strong>Yogashcittavrittinirodhah<\/strong><\/p>\n\n\n\n<p class=\"has-text-align-center\"><em>Yoga is the cessation of the fluctuations of the mind.<\/em><\/p>\n\n\n\n<div style=\"height:10px\" aria-hidden=\"true\" class=\"wp-block-spacer\"><\/div>\n\n\n\n<p class=\"has-text-align-center has-text-color\" style=\"color:#055013\"><strong>Tad\u0101 drashtuh svar\u016bp\u00e9 avasth\u0101nam<\/strong><\/p>\n\n\n\n<p class=\"has-text-align-center\"><em>Then the seer abides in itself, resting in its true nature.\u00a0&nbsp;<\/em><\/p>\n\n\n\n<div style=\"height:26px\" aria-hidden=\"true\" class=\"wp-block-spacer\"><\/div>\n\n\n\n<p class=\"has-text-align-center has-text-color\" style=\"color:#055013\">Presence \u30fblistening \u30fbclear vision \u30fbsilence<\/p>\n\n\n\n<div style=\"height:26px\" aria-hidden=\"true\" class=\"wp-block-spacer\"><\/div>\n\n\n\n<p class=\"has-text-align-center\"> I do not teach anything, I share something that touches me. <\/p>\n\n\n\n<p class=\"has-text-align-center\">I share a moment that brings us closer to silence, where the innate nature of being is spontaneously revealed. <\/p>\n\n\n\n<p class=\"has-text-align-center\">This sharing evolves with me, by my inner discoveries, my own experiences, through life and my many encounters. <\/p>\n\n\n\n<p class=\"has-text-align-center\">It softens with time, for it realises it has nothing to prove. <\/p>\n\n\n\n<p class=\"has-text-align-center\">It simplifies with the years, for it gets closer to what I am.<\/p>\n\n\n\n<p class=\"has-text-align-center\">It takes more and more space in my life, for I realise it is it. <\/p>\n\n\n\n<p class=\"has-text-align-center\">And it gives itself the right to be everything, detached from any doctrine, for it knows it is unlimited.<\/p>\n\n\n\n<div style=\"height:40px\" aria-hidden=\"true\" class=\"wp-block-spacer\"><\/div>\n\n\n\n<div class=\"wp-block-image\"><figure class=\"aligncenter size-large is-resized\"><img loading=\"lazy\" decoding=\"async\" src=\"http:\/\/yogandlov.com\/wp-content\/uploads\/2022\/01\/IMG_0404-1-768x1024.jpg\" alt=\"\" class=\"wp-image-31517\" width=\"417\" height=\"555\" srcset=\"https:\/\/yogandlov.com\/wp-content\/uploads\/2022\/01\/IMG_0404-1-768x1024.jpg 768w, https:\/\/yogandlov.com\/wp-content\/uploads\/2022\/01\/IMG_0404-1-225x300.jpg 225w, https:\/\/yogandlov.com\/wp-content\/uploads\/2022\/01\/IMG_0404-1-1152x1536.jpg 1152w, https:\/\/yogandlov.com\/wp-content\/uploads\/2022\/01\/IMG_0404-1.jpg 1537w\" sizes=\"auto, (max-width: 417px) 100vw, 417px\" \/><\/figure><\/div>\n\n\n\n<div style=\"height:20px\" aria-hidden=\"true\" class=\"wp-block-spacer\"><\/div>\n\n\n\n<p class=\"has-text-align-center\">I do not need to know what it is. <\/p>\n\n\n\n<p class=\"has-text-align-center\">What matters to me is that it brings tranquility, listening and presence. <\/p>\n\n\n\n<p class=\"has-text-align-center\">That it brings space and transforms the fear of it into the curiosity to know oneself. <\/p>\n\n\n\n<p class=\"has-text-align-center\"> That it reinforces our discernment and connects us back to our inner knowing. <\/p>\n\n\n\n<p class=\"has-text-align-center\">That it makes us want to care - for ourselves - for others - for life.<\/p>\n\n\n\n<p class=\"has-text-align-center\">That it teaches us to live with grace and authenticity each moment of our life.<\/p>\n\n\n\n<p class=\"has-text-align-center\">That it awakens us, and places us at the heart of ourselves. <\/p>\n\n\n\n<p class=\"has-text-align-center\">Where everything is love.<\/p>\n\n\n\n<p class=\"has-text-align-center\">Where we know ourselves to be that.<\/p>\n\n\n\n<div style=\"height:30px\" aria-hidden=\"true\" class=\"wp-block-spacer\"><\/div>","protected":false},"excerpt":{"rendered":"<p>Yogashcittavrittinirodhah Le yoga est la cessation des vagues du mental. Tad\u0101 drashtuh svar\u016bp\u00e9 avasth\u0101nam Alors se r\u00e9v\u00e8le notre Centre, \u00e9tabli en lui-m\u00eame.&nbsp; Pr\u00e9sence \u30fb\u00e9coute \u30fbvision claire \u30fbsilence Je n&rsquo;enseigne rien, je partage quelque chose qui me touche. Je partage un moment qui nous rapproche du silence, l\u00e0 o\u00f9 se r\u00e9v\u00e8le spontan\u00e9ment la v\u00e9ritable nature de [&hellip;]<\/p>\n","protected":false},"author":1,"featured_media":0,"parent":0,"menu_order":0,"comment_status":"closed","ping_status":"closed","template":"","meta":{"footnotes":""},"class_list":["post-29139","page","type-page","status-publish","hentry"],"_links":{"self":[{"href":"https:\/\/yogandlov.com\/en\/wp-json\/wp\/v2\/pages\/29139","targetHints":{"allow":["GET"]}}],"collection":[{"href":"https:\/\/yogandlov.com\/en\/wp-json\/wp\/v2\/pages"}],"about":[{"href":"https:\/\/yogandlov.com\/en\/wp-json\/wp\/v2\/types\/page"}],"author":[{"embeddable":true,"href":"https:\/\/yogandlov.com\/en\/wp-json\/wp\/v2\/users\/1"}],"replies":[{"embeddable":true,"href":"https:\/\/yogandlov.com\/en\/wp-json\/wp\/v2\/comments?post=29139"}],"version-history":[{"count":48,"href":"https:\/\/yogandlov.com\/en\/wp-json\/wp\/v2\/pages\/29139\/revisions"}],"predecessor-version":[{"id":34546,"href":"https:\/\/yogandlov.com\/en\/wp-json\/wp\/v2\/pages\/29139\/revisions\/34546"}],"wp:attachment":[{"href":"https:\/\/yogandlov.com\/en\/wp-json\/wp\/v2\/media?parent=29139"}],"curies":[{"name":"wp","href":"https:\/\/api.w.org\/{rel}","templated":true}]}}