{"id":29781,"date":"2018-11-12T15:37:15","date_gmt":"2018-11-12T14:37:15","guid":{"rendered":"http:\/\/yogandlov.com\/?page_id=29781"},"modified":"2019-09-10T09:08:17","modified_gmt":"2019-09-10T07:08:17","slug":"ashiyana-2019","status":"publish","type":"page","link":"https:\/\/yogandlov.com\/en\/ashiyana-2019\/","title":{"rendered":"Ashiyana 2019"},"content":{"rendered":"<h2 style=\"text-align: center;\"><span style=\"color: #0d590d;\"><strong>INDE<\/strong><\/span><\/h2>\n<h3 style=\"text-align: center;\"><span style=\"color: #0d620d;\"><strong>Ashiyana Goa<\/strong><\/span><\/h3>\n<p style=\"text-align: center;\">24 novembre &#8211; 1 d\u00e9cembre 2019<\/p>\n<p style=\"text-align: center;\"><span style=\"color: #993300;\">The retreat will be given in French \/ La retraite sera donn\u00e9e en fran\u00e7ais<\/span><\/p>\n<h6 style=\"text-align: center;\"><\/h6>\n<p style=\"text-align: center;\">Ashiyana a \u00e9t\u00e9 cr\u00e9e tel un sanctuaire, une maison loin de la maison.<\/p>\n<p style=\"text-align: center;\">Ce centre se trouve au milieu d&rsquo;une flore et d&rsquo;une faune tropicale sur la belle plage pr\u00e9serv\u00e9e de Mandrem au nord de Goa.<\/p>\n<p style=\"text-align: center;\">Ashiyana signifie \u00ab\u00a0maison\u00a0\u00bb en Hindi. Une maison est un lieu o\u00f9 l&rsquo;on se sent en s\u00e9curit\u00e9, soutenu, nourri et aim\u00e9.<\/p>\n<p style=\"text-align: center;\">Lorsque nous pratiquons le yoga, nous commen\u00e7ons \u00e0 rentrer \u00e0 la maison d&rsquo;une autre mani\u00e8re; nous rentrons \u00e0 la maison en nous-m\u00eames. Lorsque nous arrivons v\u00e9ritablement \u00e0 la maison \u00e0 l&rsquo;int\u00e9rieur de nous, nous d\u00e9couvrons que la maison peut exister o\u00f9 que nous soyons dans le monde.<\/p>\n\n<p>&nbsp;<\/p>\n<p><span style=\"color: #0d620d;\"><strong>La retraite<\/strong><\/span><\/p>\n<p>La retraite d\u00e9butera le <strong>dimanche 24 novembre autour des 17h<\/strong>. Il y aura une pr\u00e9sentation et \u00e9ventuellement un premier cours en fonction de l&rsquo;heure d&rsquo;arriv\u00e9e de chacun.<\/p>\n<p>Du lundi 25 novembre au samedi 30 novembre, les cours auront lieu matin et apr\u00e8s-midi (horaire pr\u00e9cis \u00e0 d\u00e9finir).<\/p>\n<p>La retraite se terminera le dimanche 1 d\u00e9cembre. Il n&rsquo;y aura pas de cours ce matin l\u00e0 car le check-out est \u00e0 10h30.<\/p>\n<p>&nbsp;<\/p>\n<p><span style=\"color: #0d620d;\"><strong>Th\u00e8me et cours<\/strong><\/span><\/p>\n<p>La pratique nous sugg\u00e8re d&rsquo;explorer l&rsquo;espace et la tranquillit\u00e9 dans les postures. Mais cela va au-del\u00e0 de \u00e7a, puisque nous cherchons aussi \u00e0 maintenir ces qualit\u00e9s dans nos transitions, lorsque nous passons d&rsquo;une posture \u00e0 une autre.<\/p>\n<p>Notre attention, soutenue par le souffle, est le fil qui relie notre pratique dans un cycle ininterrompu. Chaque pratique s&rsquo;apparente \u00e0 la nature cyclique de la vie et nous aide \u00e0 s&rsquo;y mouvoir avec plus de fluidit\u00e9, moins de r\u00e9sistance.<\/p>\n<p>&nbsp;<\/p>\n<p>Les cours du matin nous permettront d&rsquo;aller plus en profondeur gr\u00e2ce \u00e0 moins d&rsquo;interruption. Ils incluront des techniques de respiration et de la m\u00e9ditation.<\/p>\n<p>Les six workshops de l&rsquo;apr\u00e8s-midi seront consacr\u00e9s \u00e0 affiner notre sensibilit\u00e9 face aux fonctions de chaque cat\u00e9gorie de posture et perfectionner nos alignements et nos postures.<\/p>\n<p>&nbsp;<\/p>\n<p>Horaire pr\u00e9cis encore \u00e0 d\u00e9finir.<\/p>\n<p>&nbsp;<\/p>\n<p><strong><span style=\"color: #0d620d;\">Votre arriv\u00e9e \/\/ transfert<\/span><\/strong><\/p>\n<p>Pour Ashiyana, vous devez atterrir \u00e0 l&rsquo;a\u00e9roport de Goa.<\/p>\n<p>Ashiyana propose un transfert depuis l&rsquo;a\u00e9roport de Goa au prix de 1700 INR (aller sans AC) ou 1900 INR (aller avec AC, absolument non n\u00e9cessaire \u00e0 mon avis). Vous pouvez organiser \u00e7a de votre c\u00f4t\u00e9 mais nous pourrons probablement aussi nous regrouper afin de prendre le transfert \u00e0 plusieurs.<\/p>\n<p>Vous avez la possibilit\u00e9 de prendre votre chambre d\u00e8s 14h00 le dimanche 24 novembre.<\/p>\n<p>Ashiyana n&rsquo;offre pas de check-in avanc\u00e9 (ou de check-out retard\u00e9) mais ils ont des espaces de d\u00e9tente et m\u00eame des douches que nous pouvons utiliser jusqu&rsquo;\u00e0 ce que les chambres soient pr\u00eates.<\/p>\n<p>Les sacs peuvent \u00eatre d\u00e9pos\u00e9s \u00e0 la r\u00e9ception.<\/p>\n<p>&nbsp;<\/p>\n<p><strong><span style=\"color: #0d620d;\">Tarifs et chambres\u00a0<\/span><\/strong><\/p>\n<p><span style=\"color: #000000;\">(Plus de d\u00e9tails et de photo sur leur site: <strong><span style=\"text-decoration: underline;\"><a href=\"https:\/\/www.ashiyana-yoga-goa.com\/luxury-accommodation-goa-india.html\" target=\"_blank\" rel=\"noopener\">CHAMBRE ASHIYANA<\/a>)<\/span><\/strong><\/span><\/p>\n<p>Vous pouvez bien \u00e9videmment vous inscrire pour une chambre double m\u00eame si vous ne savez pas encore avec qui vous allez partager \ud83d\ude09<\/p>\n<p><strong><span style=\"color: #33cccc;\">Cat\u00e9gorie 1. BEACH HUTS (Pale, pas de A\/C)\u00a0<\/span><\/strong><\/p>\n<p>Double 850.- \/\/ simple 1000.-<\/p>\n<p>Il y a 4 beach huts disponible &#8212; id\u00e9ales en simple! <b>Il en reste deux.<\/b><\/p>\n<p><a href=\"http:\/\/yogandlov.com\/wp-content\/uploads\/2018\/11\/4-beach-huts.jpg\"><img loading=\"lazy\" decoding=\"async\" class=\"alignnone size-thumbnail wp-image-29791\" src=\"http:\/\/yogandlov.com\/wp-content\/uploads\/2018\/11\/4-beach-huts-150x150.jpg\" alt=\"\" width=\"150\" height=\"150\" \/>\u00a0<\/a><a href=\"http:\/\/yogandlov.com\/wp-content\/uploads\/2018\/11\/15-beach-huts.jpg\"><img loading=\"lazy\" decoding=\"async\" class=\"alignnone size-thumbnail wp-image-29793\" src=\"http:\/\/yogandlov.com\/wp-content\/uploads\/2018\/11\/15-beach-huts-150x150.jpg\" alt=\"\" width=\"150\" height=\"150\" \/><\/a><\/p>\n<p><strong><span style=\"color: #339966;\">Cat\u00e9gorie 2. ECO LODGES (Pale, pas de A\/C)\u00a0<span style=\"color: #800000;\">Toutes attribu\u00e9es!<\/span><\/span><\/strong><\/p>\n<p>Double 1000.- \/\/ simple 1250.-<\/p>\n<p>Il y a 2 eco lodges disponible.<\/p>\n<p><a href=\"http:\/\/yogandlov.com\/wp-content\/uploads\/2018\/11\/3.-Eco-lodges.jpg\"><img loading=\"lazy\" decoding=\"async\" class=\"alignnone size-thumbnail wp-image-29792\" src=\"http:\/\/yogandlov.com\/wp-content\/uploads\/2018\/11\/3.-Eco-lodges-150x150.jpg\" alt=\"\" width=\"150\" height=\"150\" \/><\/a>\u00a0<a href=\"http:\/\/yogandlov.com\/wp-content\/uploads\/2018\/11\/58-eco-lodges.jpg\"><img loading=\"lazy\" decoding=\"async\" class=\"alignnone size-thumbnail wp-image-29794\" src=\"http:\/\/yogandlov.com\/wp-content\/uploads\/2018\/11\/58-eco-lodges-150x150.jpg\" alt=\"\" width=\"150\" height=\"150\" \/><\/a><\/p>\n<p><strong><span style=\"color: #ff9900;\">Cat\u00e9gorie 3. PALM GROVE\u00a0(Pale, pas de A\/C)\u00a0<span style=\"color: #800000;\">Toutes attribu\u00e9es!<\/span><\/span><\/strong><\/p>\n<p>Double ou triple 1100.- \u00a0\/\/ simple 1400.-<\/p>\n<p>Il y a 4 Palm grove disponible &#8212; voir le d\u00e9tail sous les photos.<\/p>\n\n<p><strong><span style=\"color: #0000ff;\">Cat\u00e9gorie 4. RAJ DOUBLE (A\/C)<\/span><\/strong><\/p>\n<p>Double 1200.- \/\/ simple 1550.-<\/p>\n<p>Il y a 3 Raj double disponible.<\/p>\n\n<p>&nbsp;<\/p>\n<p><span style=\"color: #0d620d;\"><b>Nourriture<\/b><\/span><\/p>\n<p>Ashiyana sert deux d\u00e9licieux repas buffet par jour: le brunch post-yoga (10h45-11h45) et le repas du soir (19h15-20h15).<\/p>\n<p>La nourriture est principalement v\u00e9g\u00e9tarienne avec une abondance de fruits et de l\u00e9gumes frais. Un plat de poisson ou de crustac\u00e9s est disponible une \u00e0 deux fois dans la semaine.<\/p>\n<p>Il y a des robinets d&rsquo;eau potable dans le restaurant et durant la journ\u00e9e du th\u00e9 (masala Cha\u00ef, gingembre citron frais) est \u00e0 notre disposition.<\/p>\n<p><span style=\"text-decoration: underline;\">Pour toute restriction alimentaire, merci de me pr\u00e9venir au plus tard un mois avant.\u00a0<\/span><\/p>\n<p>&nbsp;<\/p>\n<p><strong><span style=\"color: #0d620d;\">Spa<\/span><\/strong><\/p>\n<p>Ashiyana propose toute une palette de soin allant de traitement ayurv\u00e9dique \u00e0 diverses sortes de massages et de soins th\u00e9rapeutiques.<\/p>\n<p>Si vous savez d&rsquo;avance que vous d\u00e9sirez r\u00e9server un soin, n&rsquo;h\u00e9sitez pas \u00e0 contacter directement l&rsquo;\u00e9quipe du spa pour vos questions et r\u00e9servations.<\/p>\n<p><a href=\"mailto:spa@ashiyana.com\" target=\"_blank\" rel=\"noopener\">spa@ashiyana.com<\/a><\/p>\n<p>&nbsp;<\/p>\n<p><span style=\"color: #0d590d;\"><b>Nos amis les chiens\u00a0<\/b><\/span><\/p>\n<p>A Ashiyana, les chiens ont une place sp\u00e9ciale; ils font partie de la famille et il faut donc s&rsquo;attendre \u00e0 ce que nos compagnons \u00e0 poils partagent les lieux.<\/p>\n<p>&nbsp;<\/p>\n<p><strong><span style=\"color: #0d620d;\">Visa\u00a0<\/span><\/strong><\/p>\n<p>Pour vous rendre en Inde pour cette retraite, il vous faudra un visa. (Je vous aide volontiers).<\/p>\n<p>Voil\u00e0 le site sur lequel trouver le formulaire de demande de visa.<\/p>\n<p><strong><span style=\"color: #339966;\"><a href=\"https:\/\/indianvisaonline.gov.in\/visa\/Registration\" target=\"_blank\" rel=\"noopener\">https:\/\/indianvisaonline.gov.in\/visa\/Registration<\/a><\/span><\/strong><\/p>\n<p>Puis le site suisse de demande de visa o\u00f9 envoyer votre formulaire.<\/p>\n<p><strong><span style=\"color: #339966;\"><a href=\"http:\/\/in.vfsglobal.ch\/Bern\/tourist-visa.html\" target=\"_blank\" rel=\"noopener\">http:\/\/in.vfsglobal.ch\/Bern\/tourist-visa.html<\/a><\/span><\/strong><\/p>\n<p>Je vous attache un <strong><a href=\"http:\/\/yogandlov.com\/wp-content\/uploads\/2018\/11\/Visa-marche-\u00e0-suivre.pdf\" target=\"_blank\" rel=\"noopener\">pdf d&rsquo;une marche \u00e0 suivre<\/a><\/strong> qui pourrait vous aider.<\/p>\n<p>Et le <strong><a href=\"http:\/\/yogandlov.com\/wp-content\/uploads\/2018\/11\/tourist_checklist_210116.pdf\" target=\"_blank\" rel=\"noopener\">pdf de la check list<\/a><\/strong>\u00a0des documents qu&rsquo;il vous faut envoyer avec le formulaire.<\/p>\n<p>&nbsp;<\/p>\n<p><strong><span style=\"color: #0d590d;\">La suite des aventures<\/span><\/strong><\/p>\n<p>Pour ceux qui d\u00e9sirent rester une semaine suppl\u00e9mentaire mais ne d\u00e9sirent pas le faire seul, je resterai aussi et je serais ravie de partager un peu plus de temps avec vous.<\/p>\n<p>&nbsp;<\/p>\n<p><strong><span style=\"color: #0d590d;\">Formulaire d&rsquo;inscription<\/span><\/strong><\/p>\n<p><a href=\"http:\/\/yogandlov.com\/wp-content\/uploads\/2018\/11\/Formulaire-d\u2019inscription-Ashiyana-2019.pdf\" target=\"_blank\" rel=\"noopener\">Formulaire d\u2019inscription Ashiyana 2019<\/a><\/p>\n<p style=\"text-align: center;\"><a href=\"http:\/\/yogandlov.com\/wp-content\/uploads\/2018\/11\/https-pixfeeds.com-images-31-605849-1280-532336496-om-symbol.jpg\"><img loading=\"lazy\" decoding=\"async\" class=\"alignnone size-thumbnail wp-image-29842\" src=\"http:\/\/yogandlov.com\/wp-content\/uploads\/2018\/11\/https-pixfeeds.com-images-31-605849-1280-532336496-om-symbol-150x150.jpg\" alt=\"\" width=\"150\" height=\"150\" srcset=\"https:\/\/yogandlov.com\/wp-content\/uploads\/2018\/11\/https-pixfeeds.com-images-31-605849-1280-532336496-om-symbol-150x150.jpg 150w, https:\/\/yogandlov.com\/wp-content\/uploads\/2018\/11\/https-pixfeeds.com-images-31-605849-1280-532336496-om-symbol-300x300.jpg 300w, https:\/\/yogandlov.com\/wp-content\/uploads\/2018\/11\/https-pixfeeds.com-images-31-605849-1280-532336496-om-symbol.jpg 390w\" sizes=\"auto, (max-width: 150px) 100vw, 150px\" \/><\/a><\/p>","protected":false},"excerpt":{"rendered":"<p>INDE Ashiyana Goa 24 novembre &#8211; 1 d\u00e9cembre 2019 The retreat will be given in French \/ La retraite sera donn\u00e9e en fran\u00e7ais Ashiyana a \u00e9t\u00e9 cr\u00e9e tel un sanctuaire, une maison loin de la maison. Ce centre se trouve au milieu d&rsquo;une flore et d&rsquo;une faune tropicale sur la belle plage pr\u00e9serv\u00e9e de Mandrem [&hellip;]<\/p>\n","protected":false},"author":1,"featured_media":0,"parent":0,"menu_order":0,"comment_status":"closed","ping_status":"closed","template":"","meta":{"footnotes":""},"class_list":["post-29781","page","type-page","status-publish","hentry"],"_links":{"self":[{"href":"https:\/\/yogandlov.com\/en\/wp-json\/wp\/v2\/pages\/29781","targetHints":{"allow":["GET"]}}],"collection":[{"href":"https:\/\/yogandlov.com\/en\/wp-json\/wp\/v2\/pages"}],"about":[{"href":"https:\/\/yogandlov.com\/en\/wp-json\/wp\/v2\/types\/page"}],"author":[{"embeddable":true,"href":"https:\/\/yogandlov.com\/en\/wp-json\/wp\/v2\/users\/1"}],"replies":[{"embeddable":true,"href":"https:\/\/yogandlov.com\/en\/wp-json\/wp\/v2\/comments?post=29781"}],"version-history":[{"count":62,"href":"https:\/\/yogandlov.com\/en\/wp-json\/wp\/v2\/pages\/29781\/revisions"}],"predecessor-version":[{"id":30023,"href":"https:\/\/yogandlov.com\/en\/wp-json\/wp\/v2\/pages\/29781\/revisions\/30023"}],"wp:attachment":[{"href":"https:\/\/yogandlov.com\/en\/wp-json\/wp\/v2\/media?parent=29781"}],"curies":[{"name":"wp","href":"https:\/\/api.w.org\/{rel}","templated":true}]}}