{"id":31711,"date":"2022-01-29T12:53:10","date_gmt":"2022-01-29T11:53:10","guid":{"rendered":"http:\/\/yogandlov.com\/?page_id=31711"},"modified":"2024-12-11T16:33:25","modified_gmt":"2024-12-11T15:33:25","slug":"pratiques-filmees","status":"publish","type":"page","link":"https:\/\/yogandlov.com\/en\/pratiques-filmees\/","title":{"rendered":"Vid\u00e9os"},"content":{"rendered":"<div style=\"height:20px\" aria-hidden=\"true\" class=\"wp-block-spacer\"><\/div>\n\n\n\n<p class=\"has-text-align-right\" style=\"font-size:11px\"><a href=\"http:\/\/yogandlov.com\/en\/coordonnees-bancaires\/\" target=\"_blank\" rel=\"noreferrer noopener\">Si vous souhaitez offrir une participation \u00e0 ces partages, voici le lien \u2661<\/a> <\/p>\n\n\n\n<p class=\"has-text-align-right\" style=\"font-size:11px\"><a href=\"http:\/\/yogandlov.com\/en\/coordonnees-bancaires\/\" target=\"_blank\" rel=\"noreferrer noopener\">DE COEUR \u00c0 COEUR<\/a><\/p>\n\n\n\n<p style=\"font-size:14px\">\u30fb<a rel=\"noreferrer noopener\" href=\"https:\/\/youtu.be\/cRH_gy99zdk\" target=\"_blank\">Pratique de 45 minutes<\/a><\/p>\n\n\n\n<p style=\"font-size:14px\">Nous n&rsquo;ayons pas toujours suffisamment de temps ou de motivation pour une pratique d&rsquo;une heure ou plus. Pourtant, quoi de plus pr\u00e9cieux que de d\u00e9marrer sa journ\u00e9e par un instant avec soi. Que le mouvement de notre attention puisse d&rsquo;abord aller vers l&rsquo;int\u00e9rieur, avant de se tourner vers l&rsquo;ext\u00e9rieur, vers le monde et les autres. Cette pratique est toute simple mais permet d&rsquo;\u00e9veiller le corps et l&rsquo;esprit en douceur. <\/p>\n\n\n\n<hr class=\"wp-block-separator\"\/>\n\n\n\n<p style=\"font-size:14px\">\u30fb<a rel=\"noreferrer noopener\" href=\"https:\/\/youtu.be\/7jNApiX9qzk\" target=\"_blank\">Pratique &#8211; lorsque le mental est agit\u00e9 et que l&rsquo;espace du coeur s&rsquo;est ferm\u00e9 (1h10)<\/a><\/p>\n\n\n\n<p style=\"font-size:14px\">Dans cette pratique, l&rsquo;accent est mis sur l&rsquo;\u00e9quilibre entre sthira et sukha &#8211; entre stabilit\u00e9 et d\u00e9tente &#8211; entre ancrage et ouverture. On commence par se d\u00e9tendre afin que le corps et l&rsquo;esprit puissent s&rsquo;ouvrir et recevoir. <\/p>\n\n\n\n<hr class=\"wp-block-separator\"\/>\n\n\n\n<p style=\"font-size:14px\">\u30fb<a rel=\"noreferrer noopener\" href=\"https:\/\/youtu.be\/cRH_gy99zdk\" target=\"_blank\">Pratique &#8211; adresse les espaces du bassin, du coeur et de la t\u00eate (1h30)<\/a><\/p>\n\n\n\n<p style=\"font-size:14px\">Cette pratique allie asanas, bija mantra et souffle. Les postures se focalisent sur l&rsquo;ouverture des hanches, mais \u00e9galement sur le coeur.<\/p>\n\n\n\n<hr class=\"wp-block-separator\"\/>\n\n\n\n<p style=\"font-size:14px\">\u30fb<a rel=\"noreferrer noopener\" href=\"https:\/\/youtu.be\/HtxU6Q4Qj80\" target=\"_blank\">Pratique de vinyasa (1h10)<\/a><\/p>\n\n\n\n<p style=\"font-size:14px\">Ici c&rsquo;est le souffle qui porte votre pratique du d\u00e9but \u00e0 la fin. Il y a peu d&rsquo;explications plus subtiles, peu de pauses &#8211; simplement des mouvements qui s&rsquo;encha\u00eenent, et le souffle au centre de votre attention. Ce que je souhaite apporter avec cette pratique, c&rsquo;est l&rsquo;opportunit\u00e9 d&rsquo;exp\u00e9rimenter la symbiose entre le corps physique (vos mouvements) &#8211; le souffle &#8211; et l&rsquo;esprit. Lorsque les trois s&rsquo;harmonisent et s&rsquo;ancrent dans la pr\u00e9sence, appara\u00eet alors la gr\u00e2ce. Il y a l\u00e9g\u00e8ret\u00e9, fluidit\u00e9, non-effort, comme une feuille qui virevolte dans le vent, port\u00e9e par un souffle invisible. On d\u00e9veloppe ainsi une plus grande aisance \u00e0 s&rsquo;adapter aux mouvements de la vie. <\/p>\n\n\n\n<hr class=\"wp-block-separator\"\/>\n\n\n\n<p style=\"font-size:14px\">\u30fb<a rel=\"noreferrer noopener\" href=\"https:\/\/youtu.be\/5xSipJiFxYk\" target=\"_blank\">Pranayama et assise (1h05)<\/a><\/p>\n\n\n\n<p style=\"font-size:14px\">Nous commen\u00e7ons avec quelques mouvements tr\u00e8s simples qui d\u00e9lient le corps de mani\u00e8re \u00e0 tenir plus agr\u00e9ablement notre assise pendant les exercices de respirations. Puis la pratique se termine par un court moment de contemplation. <\/p>\n\n\n\n<hr class=\"wp-block-separator\"\/>\n\n\n\n<p style=\"font-size:14px\">\u30fb<a rel=\"noreferrer noopener\" href=\"https:\/\/www.youtube.com\/watch?v=1mfMxDc47fg&amp;feature=youtu.be\" target=\"_blank\">Set de fondation (37min)<\/a><\/p>\n\n\n\n<hr class=\"wp-block-separator\"\/>\n\n\n\n<p style=\"font-size:14px\"><a rel=\"noreferrer noopener\" href=\"https:\/\/www.youtube.com\/watch?v=9LmyxPiCRgs\" target=\"_blank\">\u30fbAtelier 1 &#8211; \u00e9t\u00e9 2020 (2h)<\/a>   \/\/   <a rel=\"noreferrer noopener\" href=\"http:\/\/yogandlov.com\/wp-content\/uploads\/2020\/07\/Pratique-1-pr%C4%81n%C4%81y%C4%81ma-et-m%C3%A9ditation.mp3\" target=\"_blank\">Pranayama et m\u00e9ditation en audio (30min)<\/a><\/p>\n\n\n\n<p style=\"font-size:14px\">Une pratique puissante dans son effet calmant. Elle apporte en effet un fort sentiment d\u2019ancrage et de stabilit\u00e9 physique, mentale et \u00e9motionnelle. Centr\u00e9e sur les flexions avant, elle accompagne \u00e9galement tout travail de l\u00e2cher prise. Elle se focalise sur les deux premiers chakras (muladhara et svadhisthana) et stimule apana vayu. C\u2019est une pratique qui permet de r\u00e9duire l\u2019exc\u00e8s de vata et de pitta. La pratique dure 2h, puis si vous le souhaitez, vous pouvez la compl\u00e9ter par l&rsquo;audio de 30 minutes de pranayama et m\u00e9ditation. <strong><span style=\"color:#17642a\" class=\"has-inline-color\"><\/span><\/strong><\/p>\n\n\n\n<hr class=\"wp-block-separator\"\/>\n\n\n\n<p style=\"font-size:14px\"><a rel=\"noreferrer noopener\" href=\"https:\/\/www.youtube.com\/watch?v=jZSp8mV3ZM0\" target=\"_blank\">\u30fbAtelier 2 &#8211; \u00e9t\u00e9 2020 (2h15)<\/a>   \/\/   <a rel=\"noreferrer noopener\" href=\"http:\/\/yogandlov.com\/wp-content\/uploads\/2020\/07\/2.-Pratique-2-pr%C4%81n%C4%81y%C4%81ma-et-m%C3%A9ditation.mp3\" target=\"_blank\">Pranayama et m\u00e9ditation en audio (30min)<\/a><\/p>\n\n\n\n<p style=\"font-size:14px\">Le focus de cette pratique est le centre du corps et manipura chakra. Elle est compos\u00e9e principalement de torsions avec \u00e9galement le travail de tirer l\u2019\u00e9nergie du fond du bassin vers le haut, le long de l\u2019axe central du corps. Nous travaillons ici \u00e9galement l\u2019harmonie entre Ida et Pingala, afin d\u2019avoir plus facilement acc\u00e8s \u00e0 sushumna. Samana vayu est le vayu le plus stimul\u00e9 durant cette pratique (l\u2019\u00e9nergie qui recentre) et donc la stimulation du feu digestif.<\/p>\n\n\n\n<hr class=\"wp-block-separator\"\/>\n\n\n\n<p style=\"font-size:14px\"><a rel=\"noreferrer noopener\" href=\"https:\/\/www.youtube.com\/watch?v=pCOAwt8xik8&amp;feature=youtu.be\" target=\"_blank\">\u30fbAtelier 3 &#8211; \u00e9t\u00e9 2020 (2h)<\/a>   \/\/   <a href=\"http:\/\/yogandlov.com\/wp-content\/uploads\/2020\/08\/03.-Pr%C4%81n%C4%81y%C4%81ma-et-m%C3%A9ditation.mp3\" target=\"_blank\" rel=\"noreferrer noopener\">Pranayama et m\u00e9ditation en audio (30min)<\/a><\/p>\n\n\n\n<p style=\"font-size:14px\">Cette troisi\u00e8me pratique est plus stimulante. Elle travaille autour des extensions (flexions arri\u00e8re) et stimule les chakras du coeur et de la gorge. Elle nous sugg\u00e8re aussi d\u2019observer notre disponibilit\u00e9, notre r\u00e9ceptivit\u00e9 et elle entra\u00eene le corps \u00e0 se d\u00e9tendre afin qu\u2019il puisse ais\u00e9ment s\u2019ouvrir et recevoir. Ne rien tirer \u00e0 soi \u2013 ouvrir un espace \u2013 oser recevoir. Finalement, cette pratique travaille au niveau de prana vayu.<\/p>\n\n\n\n<hr class=\"wp-block-separator\"\/>\n\n\n\n<p style=\"font-size:14px\">\u30fb<a rel=\"noreferrer noopener\" href=\"https:\/\/www.youtube.com\/watch?v=tpDkQrNGAIU\" target=\"_blank\">Atelier 4 &#8211; \u00e9t\u00e9 2020 (2h20)<\/a>   \/\/    <a href=\"http:\/\/yogandlov.com\/wp-content\/uploads\/2020\/08\/04.-Pr%C4%81n%C4%81y%C4%81ma-et-m%C3%A9ditation.mp3\" data-type=\"URL\" data-id=\"http:\/\/yogandlov.com\/wp-content\/uploads\/2020\/08\/04.-Pr%C4%81n%C4%81y%C4%81ma-et-m%C3%A9ditation.mp3\" target=\"_blank\" rel=\"noreferrer noopener\">Pranayama et m\u00e9ditation en audio (30min) <\/a><\/p>\n\n\n\n<p style=\"font-size:14px\">Centr\u00e9e sur les inversions et les extensions axiales, cette pratique tend \u00e0 stimuler la mont\u00e9e d&rsquo;\u00e9nergie le long de l&rsquo;axe central du corps. Elle \u00e9veille les chakras du haut (vishuddhi, ajna et sahasrara). Alors qu\u2019elle reste passablement physique, elle nous sugg\u00e8re avant tout d\u2019explorer des sensations plus subtiles et les effets puissants de ces cat\u00e9gories de posture.<\/p>","protected":false},"excerpt":{"rendered":"<p>Si vous souhaitez offrir une participation \u00e0 ces partages, voici le lien \u2661 DE COEUR \u00c0 COEUR \u30fbPratique de 45 minutes Nous n&rsquo;ayons pas toujours suffisamment de temps ou de motivation pour une pratique d&rsquo;une heure ou plus. Pourtant, quoi de plus pr\u00e9cieux que de d\u00e9marrer sa journ\u00e9e par un instant avec soi. Que le [&hellip;]<\/p>\n","protected":false},"author":1,"featured_media":0,"parent":0,"menu_order":0,"comment_status":"closed","ping_status":"closed","template":"","meta":{"footnotes":""},"class_list":["post-31711","page","type-page","status-publish","hentry"],"_links":{"self":[{"href":"https:\/\/yogandlov.com\/en\/wp-json\/wp\/v2\/pages\/31711","targetHints":{"allow":["GET"]}}],"collection":[{"href":"https:\/\/yogandlov.com\/en\/wp-json\/wp\/v2\/pages"}],"about":[{"href":"https:\/\/yogandlov.com\/en\/wp-json\/wp\/v2\/types\/page"}],"author":[{"embeddable":true,"href":"https:\/\/yogandlov.com\/en\/wp-json\/wp\/v2\/users\/1"}],"replies":[{"embeddable":true,"href":"https:\/\/yogandlov.com\/en\/wp-json\/wp\/v2\/comments?post=31711"}],"version-history":[{"count":17,"href":"https:\/\/yogandlov.com\/en\/wp-json\/wp\/v2\/pages\/31711\/revisions"}],"predecessor-version":[{"id":34312,"href":"https:\/\/yogandlov.com\/en\/wp-json\/wp\/v2\/pages\/31711\/revisions\/34312"}],"wp:attachment":[{"href":"https:\/\/yogandlov.com\/en\/wp-json\/wp\/v2\/media?parent=31711"}],"curies":[{"name":"wp","href":"https:\/\/api.w.org\/{rel}","templated":true}]}}