{"id":33586,"date":"2024-08-30T16:50:09","date_gmt":"2024-08-30T14:50:09","guid":{"rendered":"http:\/\/yogandlov.com\/?page_id=33586"},"modified":"2026-04-09T09:14:58","modified_gmt":"2026-04-09T07:14:58","slug":"meditations","status":"publish","type":"page","link":"https:\/\/yogandlov.com\/en\/meditations\/","title":{"rendered":"M\u00e9ditations"},"content":{"rendered":"<p class=\"has-text-align-right\" style=\"font-size:11px\"><a href=\"http:\/\/yogandlov.com\/en\/coordonnees-bancaires\/\" target=\"_blank\" rel=\"noreferrer noopener\">Si vous souhaitez offrir une participation \u00e0 ces partages, voici le lien \u2661<\/a> <\/p>\n\n\n\n<p class=\"has-text-align-right\" style=\"font-size:11px\"><a href=\"http:\/\/yogandlov.com\/en\/coordonnees-bancaires\/\" target=\"_blank\" rel=\"noreferrer noopener\">DE COEUR \u00c0 COEUR<\/a><\/p>\n\n\n\n<div style=\"height:40px\" aria-hidden=\"true\" class=\"wp-block-spacer\"><\/div>\n\n\n\n<p style=\"font-size:14px\"><a href=\"https:\/\/yogandlov.com\/wp-content\/uploads\/2026\/04\/15.-Meditation-09.04.2026.mp3\" target=\"_blank\" rel=\"noreferrer noopener\">\u30fb09.04.2026 &#8211; Voir les tensions se dissoudre dans l\u2019\u00e9coute.<\/a><\/p>\n\n\n\n<p style=\"font-size:14px\"><a href=\"https:\/\/yogandlov.com\/wp-content\/uploads\/2026\/03\/12.-Meditation-19.03.2026.mp3\" target=\"_blank\" rel=\"noreferrer noopener\">\u30fb19.03.2026 &#8211; Attention ouverte<\/a><\/p>\n\n\n\n<p style=\"font-size:14px\"><a href=\"http:\/\/yogandlov.com\/wp-content\/uploads\/2026\/02\/07.-Meditation-12.02.2026.mp3\" target=\"_blank\" rel=\"noreferrer noopener\">\u30fb12.02.2026 &#8211; Du corps vers l\u2019espace, de l\u2019espace au corps, jusqu\u2019\u00e0 ce que ils ne fassent plus qu\u2019un.&nbsp;<\/a><\/p>\n\n\n\n<p style=\"font-size:14px\"><a href=\"http:\/\/yogandlov.com\/wp-content\/uploads\/2026\/01\/04.-Meditation-22.01.2026.mp3\" target=\"_blank\" rel=\"noreferrer noopener\">\u30fb22.01.2026 &#8211; L\u2019apparition est d\u00e9j\u00e0 accueil&nbsp;<\/a><\/p>\n\n\n\n<hr class=\"wp-block-separator has-alpha-channel-opacity\"\/>\n\n\n\n<p class=\"has-text-align-center\"><strong>2025<\/strong><\/p>\n\n\n\n<hr class=\"wp-block-separator has-alpha-channel-opacity\"\/>\n\n\n\n<p style=\"font-size:14px\"><a href=\"http:\/\/yogandlov.com\/wp-content\/uploads\/2025\/11\/49.-Meditation-04.12.2025.mp3\" target=\"_blank\" rel=\"noreferrer noopener\">\u30fb04.12.2025 &#8211; En conscientisant mouvements d\u2019\u00e9nergie et d\u00e9tente dans la t\u00eate et le visage, la tranquillit\u00e9 est gentiment ramen\u00e9e au premier plan.&nbsp;<\/a><\/p>\n\n\n\n<p style=\"font-size:14px\"><a href=\"http:\/\/yogandlov.com\/wp-content\/uploads\/2025\/11\/46.-Meditation-13.11.2025.mp3\" target=\"_blank\" rel=\"noreferrer noopener\">\u30fb13.11.2025 &#8211; On passe par les zones du bassin, du coeur et de la t\u00eate pour conscientiser le corps d\u2019\u00e9nergie. Un passage vers l\u2019illimit\u00e9 que nous sommes.&nbsp;<\/a><\/p>\n\n\n\n<p style=\"font-size:14px\"><a href=\"http:\/\/yogandlov.com\/wp-content\/uploads\/2025\/10\/43.-Meditation-23.10.2025.mp3\" target=\"_blank\" rel=\"noreferrer noopener\">\u30fb23.10.2025 &#8211; Dans ce silence int\u00e9rieur, au plus proche de soi.<\/a><\/p>\n\n\n\n<p style=\"font-size:14px\"><a href=\"http:\/\/yogandlov.com\/wp-content\/uploads\/2025\/09\/40.-Meditation-02.10.2025.mp3\" target=\"_blank\" rel=\"noreferrer noopener\">\u30fb02.10.2025 &#8211; De la forme au sans forme.<\/a><\/p>\n\n\n\n<p style=\"font-size:14px\"><a href=\"http:\/\/yogandlov.com\/wp-content\/uploads\/2025\/09\/36.-Meditation-04.09.2025.mp3\" target=\"_blank\" rel=\"noreferrer noopener\">\u30fb04.09.2025 &#8211; Reconna\u00eetre ce qui ne bouge pas.&nbsp;<\/a><\/p>\n\n\n\n<p style=\"font-size:14px\"><a href=\"http:\/\/yogandlov.com\/wp-content\/uploads\/2025\/08\/33.-Pranayama-meditation-14.08.2025.mp3\" target=\"_blank\" rel=\"noreferrer noopener\">\u30fb14.08.2025 &#8211; Du courant du souffle, \u00e0 la simplicit\u00e9 d\u2019\u00eatre.&nbsp;<\/a><\/p>\n\n\n\n<p style=\"font-size:14px\"><a href=\"http:\/\/yogandlov.com\/wp-content\/uploads\/2025\/07\/30.-Meditation-24.07.2025.mp3\" target=\"_blank\" rel=\"noreferrer noopener\">\u30fb24.07.2025 &#8211; Une pratique qui d\u00e9bute par des mouvements tr\u00e8s doux, ce qui aide l\u2019attention \u00e0 se stabiliser et permet de reconna\u00eetre l\u2019immobilit\u00e9 au sein du mouvement. Puis se d\u00e9pose tout mouvement, toute volont\u00e9 de faire \u2026 il n\u2019y a plus que pr\u00e9sence \u00e0 ce qui est.&nbsp;<\/a><\/p>\n\n\n\n<p style=\"font-size:14px\"><a href=\"http:\/\/yogandlov.com\/wp-content\/uploads\/2025\/07\/27.-Meditation-03.07.2025.mp3\" target=\"_blank\" rel=\"noreferrer noopener\">\u30fb03.07.2025 &#8211; On d\u00e9bute cette assise par la pratique du Savayatra (61 points), un voyage qui permet de r\u00e9aliser la non densit\u00e9 de ce que j\u2019appelle moi, jusqu\u2019\u00e0 ce que se r\u00e9v\u00e8le ce que nous sommes en amont de cela.&nbsp;<\/a><\/p>\n\n\n\n<p style=\"font-size:14px\"><a href=\"http:\/\/yogandlov.com\/wp-content\/uploads\/2025\/06\/24.-Meditation-12.06.2025.mp3\" target=\"_blank\" rel=\"noreferrer noopener\">\u30fb12.06.2025 &#8211; En conscientisant gauche droite, les \u00e9nergies naturellement s\u2019harmonisent, permettant \u00e0 l\u2019espace silencieux de conscience d\u2019\u00eatre connu.<\/a><\/p>\n\n\n\n<p style=\"font-size:14px\"><a rel=\"noreferrer noopener\" href=\"http:\/\/yogandlov.com\/wp-content\/uploads\/2025\/05\/21.-Meditation-22.05.2025.mp3\" target=\"_blank\">\u30fb22.05.2025 &#8211; Aller du c\u00f4t\u00e9 de l\u2019immobilit\u00e9, de l\u2019espace silencieux, sans limite et sans forme.<\/a><\/p>\n\n\n\n<p style=\"font-size:14px\"><a href=\"http:\/\/yogandlov.com\/wp-content\/uploads\/2025\/04\/16.-Meditation-17.04.2025.mp3\" target=\"_blank\" rel=\"noreferrer noopener\">\u30fb17.04.2025 &#8211; Du paysage int\u00e9rieur \u00e0 ce qui le regarde.<\/a><\/p>\n\n\n\n<p style=\"font-size:14px\"><a rel=\"noreferrer noopener\" href=\"http:\/\/yogandlov.com\/wp-content\/uploads\/2025\/04\/14.-Meditation-03.04.2025.mp3\" target=\"_blank\">\u30fb03.04.2025 &#8211; Tout d\u00e9poser<\/a><\/p>\n\n\n\n<p style=\"font-size:14px\"><a href=\"http:\/\/yogandlov.com\/wp-content\/uploads\/2025\/03\/12.-Relaxationmeditation-20.03.2025.mp3\" target=\"_blank\" rel=\"noreferrer noopener\">\u30fb20.03.2025 &#8211; Un voyage qui invite l\u2019attention \u00e0 se diriger sur les sensations \/ le souffle \/ l\u2019\u00e9nergie, mais qui permet aussi le retournement de l\u2019attention sur elle-m\u00eame lorsqu\u2019on cesse de la faire tendre vers quelque chose.&nbsp;<\/a><\/p>\n\n\n\n<p style=\"font-size:14px\"><a href=\"http:\/\/yogandlov.com\/wp-content\/uploads\/2025\/02\/9.-Meditation-27.02.2025-1.mp3\" target=\"_blank\" rel=\"noreferrer noopener\">\u30fb27.02.2025 &#8211; Se conna\u00eetre en tant qu&rsquo;espace vide. <\/a><\/p>\n\n\n\n<p style=\"font-size:14px\"><a href=\"http:\/\/yogandlov.com\/wp-content\/uploads\/2025\/02\/7.-Meditation-13.02.2025.mp3\" target=\"_blank\" rel=\"noreferrer noopener\">\u30fb13.02.2025 &#8211; <span style=\"font-size: revert;\">Corps et souffle sont le support du mouvement de conscience du grossier au plus subtil. <\/span><\/a><\/p>\n\n\n\n<p style=\"font-size:14px\"><a href=\"http:\/\/yogandlov.com\/wp-content\/uploads\/2025\/02\/6.-Relaxation-06.02.25.mp3\" target=\"_blank\" rel=\"noreferrer noopener\">\u30fb06.02.2025  &#8211; Un voyage int\u00e9rieur qui m\u00e8ne \u00e0 la tranquillit\u00e9.<\/a><\/p>\n\n\n\n<p style=\"font-size:14px\"><a rel=\"noreferrer noopener\" href=\"http:\/\/yogandlov.com\/wp-content\/uploads\/2025\/01\/5.-Meditation-30.01.2025.mp3\" target=\"_blank\">\u30fb30.01.2025 &#8211; Plut\u00f4t qu&rsquo;une m\u00e9ditation, un voyage \u00e9nerg\u00e9tique \u00e0 travers les chakras menant \u00e0 une int\u00e9gration de ceux-ci et donc \u00e0 la tranquillit\u00e9.  <\/a><\/p>\n\n\n\n<p style=\"font-size:14px\"><a rel=\"noreferrer noopener\" href=\"http:\/\/yogandlov.com\/wp-content\/uploads\/2025\/01\/3.-Meditation-16.01.25.mp3\" target=\"_blank\">\u30fb16.01.2025 &#8211; Un voyage du corps \u00e0 la conscience d\u2019\u00eatre.<\/a><\/p>\n\n\n\n<p style=\"font-size:14px\"><a rel=\"noreferrer noopener\" href=\"http:\/\/yogandlov.com\/wp-content\/uploads\/2025\/01\/1.1-Est-ce-que-tu-as-choisi.mp3\" target=\"_blank\">\u30fb02.01.2025 &#8211; Texte &#8211; Est-ce que tu as choisi <\/a><\/p>\n\n\n\n<hr class=\"wp-block-separator has-css-opacity\"\/>\n\n\n\n<p class=\"has-text-align-center\"><strong>2024<\/strong><\/p>\n\n\n\n<hr class=\"wp-block-separator has-css-opacity\"\/>\n\n\n\n<p style=\"font-size:14px\"><a href=\"http:\/\/yogandlov.com\/wp-content\/uploads\/2024\/12\/50.-Meditation-26.12.24.mp3\" target=\"_blank\" rel=\"noreferrer noopener\">\u30fb26.12.2024 &#8211; Simple pr\u00e9sence<\/a><\/p>\n\n\n\n<p style=\"font-size:14px\"><a href=\"http:\/\/yogandlov.com\/wp-content\/uploads\/2024\/12\/47.-Meditation-12.12.24.mp3\" target=\"_blank\" rel=\"noreferrer noopener\">\u30fb12.12.2024 &#8211; Le souffle; porte d\u2019entr\u00e9e \u00e0 l\u2019\u00eatre.&nbsp;<\/a><\/p>\n\n\n\n<p style=\"font-size:14px\"><a rel=\"noreferrer noopener\" href=\"http:\/\/yogandlov.com\/wp-content\/uploads\/2024\/11\/43.-Meditation-14.11.24.mp3\" target=\"_blank\">\u30fb14.11.2024 &#8211; Au-del\u00e0 du souffle, on go\u00fbte \u00e0 ce que l&rsquo;on est. <\/a><\/p>\n\n\n\n<p style=\"font-size:14px\"><a rel=\"noreferrer noopener\" href=\"http:\/\/yogandlov.com\/wp-content\/uploads\/2024\/10\/39.-Meditation-17.10.24.mp3\" target=\"_blank\">\u30fb17.10.2024 &#8211; Une simple invitation \u00e0 l&rsquo;\u00e9coute.<\/a><\/p>\n\n\n\n<p style=\"font-size:14px\"><a rel=\"noreferrer noopener\" href=\"http:\/\/yogandlov.com\/wp-content\/uploads\/2024\/09\/35.-Meditation-19.09.2024.mp3\" target=\"_blank\">\u30fb19.09.2024 &#8211; Vers un repos de l&rsquo;attention.<\/a><\/p>\n\n\n\n<p style=\"font-size:14px\"><a rel=\"noreferrer noopener\" href=\"http:\/\/yogandlov.com\/wp-content\/uploads\/2024\/08\/32.-Meditation-29.08.2024-4.mp3\" target=\"_blank\">\u30fb29.09.2024 &#8211; En recentrant l&rsquo;\u00e9nergie le long de la colonne, l&rsquo;agitation du mental naturellement diminue. Cela  permet  alors \u00e0 l&rsquo;attention de se d\u00e9tendre en elle-m\u00eame&#8230; c&rsquo;est la tranquillit\u00e9.<\/a><\/p>\n\n\n\n<p style=\"font-size:14px\"><a rel=\"noreferrer noopener\" href=\"http:\/\/yogandlov.com\/wp-content\/uploads\/2024\/08\/30.-Meditation-01.08.2024.mp3\" target=\"_blank\">\u30fb01.08.2024 &#8211; Je suis. Amour et tranquillit\u00e9.<\/a><\/p>\n\n\n\n<p style=\"font-size:14px\"><a href=\"http:\/\/yogandlov.com\/wp-content\/uploads\/2024\/08\/26.-Meditation-04.07.2024.mp3\" target=\"_blank\" rel=\"noreferrer noopener\">\u30fb04.07.2024 &#8211; Juste dans l&rsquo;instant.<\/a><\/p>\n\n\n\n<p style=\"font-size:14px\"><a href=\"http:\/\/yogandlov.com\/wp-content\/uploads\/2024\/08\/21.-Meditation-30.05.2024.mp3\" target=\"_blank\" rel=\"noreferrer noopener\">\u30fb30.05.2024 &#8211; D\u00e9velopper le ressenti de l&rsquo;\u00e9nergie puis se centrer dans la colonne o\u00f9 on repose dans la pr\u00e9sence. <\/a><\/p>\n\n\n\n<p style=\"font-size:14px\"><a rel=\"noreferrer noopener\" href=\"http:\/\/yogandlov.com\/wp-content\/uploads\/2024\/08\/18.-Meditation-09.05.2024.mp3\" target=\"_blank\">\u30fb09.05.2024 &#8211; D\u00e9tente, souffle, douceur et pleine pr\u00e9sence.<\/a><\/p>\n\n\n\n<p style=\"font-size:14px\"><a rel=\"noreferrer noopener\" href=\"http:\/\/yogandlov.com\/wp-content\/uploads\/2024\/08\/15.-Meditation-18.04.2024.mp3\" target=\"_blank\">\u30fb18.04.2024 &#8211; Un voyage \u00e0 travers le corps, adressant chaque chakra, afin de lib\u00e9rer, fluidifier et augmenter l\u2019\u00e9nergie \u00e0 chaque \u00e9tape. \u00c9veille tout en connectant au calme int\u00e9rieur.<\/a><\/p>\n\n\n\n<p style=\"font-size:14px\"><a rel=\"noreferrer noopener\" href=\"http:\/\/yogandlov.com\/wp-content\/uploads\/2024\/08\/10.-Meditation-07.03.2024.mp3\" target=\"_blank\">\u30fb07.03.2024 &#8211; On adresse trois vortex importants au d\u00e9voilement de la totalit\u00e9 de ce que nous sommes et \u00e0 notre connexion au tout. On termine au centre coeur, l\u00e0 o\u00f9 r\u00e9side l&rsquo;\u00e2me.<\/a><\/p>\n\n\n\n<p style=\"font-size:14px\"><a rel=\"noreferrer noopener\" href=\"http:\/\/yogandlov.com\/wp-content\/uploads\/2024\/08\/5.-Meditation-01.02.2024.mp3\" target=\"_blank\">\u30fb01.02.2024 &#8211; Une m\u00e9ditation qui nous connecte, par la visualisation, aux \u00e9nergies de la terre et du ciel. \u00c9veil \u00e0 la clart\u00e9 et la conscience. <\/a><\/p>\n\n\n\n<p style=\"font-size:14px\"><a href=\"http:\/\/yogandlov.com\/wp-content\/uploads\/2024\/08\/3.-Meditation-18.01.2024.mp3\" target=\"_blank\" rel=\"noreferrer noopener\">\u30fb18.01.2024 &#8211; Focaliser l&rsquo;attention et laisser la claire conscience gentiment se r\u00e9v\u00e9ler.<\/a><\/p>\n\n\n\n<hr class=\"wp-block-separator has-css-opacity\"\/>\n\n\n\n<p class=\"has-text-align-center has-normal-font-size\"><strong>2023<\/strong><\/p>\n\n\n\n<hr class=\"wp-block-separator has-css-opacity\"\/>\n\n\n\n<p style=\"font-size:14px\"><a href=\"http:\/\/yogandlov.com\/wp-content\/uploads\/2023\/12\/51.-Meditation-21.12.23.mp3\" target=\"_blank\" rel=\"noreferrer noopener\">\u30fb21.12.2023 &#8211; Renforcer la vibration du coeur&#8230;s&rsquo;y connecter et la diffuser.&nbsp;<\/a><\/p>\n\n\n\n<p style=\"font-size:14px\"><a href=\"http:\/\/yogandlov.com\/wp-content\/uploads\/2023\/11\/47.-Meditation-23.11.23.mp3\" target=\"_blank\" rel=\"noreferrer noopener\">\u30fb23.11.2023 &#8211; Une m\u00e9ditation qui adresse et \u00e9veille les espaces du bassin, coeur et t\u00eate. Et qui harmonise la communication et le flux d&rsquo;\u00e9nergie entre les trois.&nbsp;<\/a><\/p>\n\n\n\n<p style=\"font-size:14px\"><a rel=\"noreferrer noopener\" href=\"http:\/\/yogandlov.com\/wp-content\/uploads\/2023\/11\/44.-Meditation-09.11.23.mp3\" target=\"_blank\">\u30fb09.11.2023 &#8211; On cultive la pr\u00e9sence au travers du souffle, puis on conscientise l&rsquo;\u00e9nergie dans la colonne afin de fluidifier son courant. C&rsquo;est alors la tranquillit\u00e9 profonde qui se r\u00e9v\u00e8le.<\/a><\/p>\n\n\n\n<p style=\"font-size:14px\">\u30fb<a rel=\"noreferrer noopener\" href=\"http:\/\/yogandlov.com\/wp-content\/uploads\/2023\/08\/34.-meditation-24.08.2023.mp3\" target=\"_blank\">24.08.2023 &#8211; Simplement s&rsquo;asseoir avec ce qui est. Observer l&rsquo;agitation se d\u00e9poser, l&rsquo;espace en soi se cr\u00e9er. Ceci nous offre l&rsquo;opportunit\u00e9 de voir&#8230;avec plus de clart\u00e9. <\/a><\/p>\n\n\n\n<p style=\"font-size:14px\"><a href=\"http:\/\/yogandlov.com\/wp-content\/uploads\/2023\/07\/29.-Meditation-20.07.2023.mp3\" target=\"_blank\" rel=\"noreferrer noopener\">\u30fb20.07.2023 &#8211; Un doux voyage \u00e0 travers le corps.&nbsp;<\/a><\/p>\n\n\n\n<p style=\"font-size:14px\"><a rel=\"noreferrer noopener\" href=\"http:\/\/yogandlov.com\/wp-content\/uploads\/2023\/05\/21.-Meditation-25.05.2023.mp3\" target=\"_blank\">\u30fb25.05.2023 &#8211; Une m\u00e9ditation en trois stades qui d\u00e9bute par l\u2019observation de ce qui se pr\u00e9sente dans l&rsquo;instant, et se termine par une profonde conscience d\u2019\u00eatre.&nbsp;<\/a><\/p>\n\n\n\n<p style=\"font-size:14px\"><a href=\"http:\/\/yogandlov.com\/wp-content\/uploads\/2023\/04\/15.-Meditation-13.04.2023.mp3\" target=\"_blank\" rel=\"noreferrer noopener\">\u30fb13.04.2023 &#8211; Conscientiser l\u2019espace autour de soi, puis revenir se centrer dans la colonne. Ici la pr\u00e9sence naturellement grandit.&nbsp;<\/a><\/p>\n\n\n\n<p style=\"font-size:14px\"><a href=\"http:\/\/yogandlov.com\/wp-content\/uploads\/2023\/03\/11.-Meditation-16.03.2023.mp3\" target=\"_blank\" rel=\"noreferrer noopener\">\u30fb16.03.2023 &#8211; Posture du t\u00e9moin tranquille. Sensations int\u00e9rieures. Pr\u00e9sence \u00e0 soi.&nbsp;<\/a><\/p>\n\n\n\n<hr class=\"wp-block-separator has-css-opacity\"\/>\n\n\n\n<p class=\"has-text-align-center has-normal-font-size\"><strong>2022<\/strong><\/p>\n\n\n\n<hr class=\"wp-block-separator has-css-opacity\"\/>\n\n\n\n<p style=\"font-size:14px\"><a href=\"http:\/\/yogandlov.com\/wp-content\/uploads\/2022\/12\/28.-Meditation-coeur-15.12.2022.mp3\" target=\"_blank\" rel=\"noreferrer noopener\">\u30fb15.12.2022 &#8211; M\u00e9ditation sur le coeur.<\/a><\/p>\n\n\n\n<p style=\"font-size:14px\"><a rel=\"noreferrer noopener\" href=\"http:\/\/yogandlov.com\/wp-content\/uploads\/2022\/10\/19.-Meditation-20.10.2022.mp3\" target=\"_blank\">\u30fb20.10.2022 &#8211; Pr\u00e9sence successivement \u00e0 la base de la colonne, dans l\u2019espace du coeur et dans l\u2019espace cr\u00e2nien, afin d\u2019\u00e9veiller ensuite la pleine pr\u00e9sence \u00e0 soi.<\/a><\/p>\n\n\n\n<p style=\"font-size:14px\"><a href=\"http:\/\/yogandlov.com\/wp-content\/uploads\/2022\/06\/2.Meditation-16.06.2022.mp3\" target=\"_blank\" rel=\"noreferrer noopener\">\u30fb16.06.2022 &#8211; Un moment de pr\u00e9sence \u00e0 soi. Calme et espace. Douceur et qui\u00e9tude.&nbsp;<\/a><\/p>\n\n\n\n<p style=\"font-size:14px\"><a href=\"http:\/\/yogandlov.com\/wp-content\/uploads\/2022\/09\/15.-Meditation-14.04.2022.mp3\" target=\"_blank\" rel=\"noreferrer noopener\">\u30fb14.04.2022 &#8211; Un simple instant d&rsquo;assise m\u00e9ditative, afin de revenir en son centre et y trouver le calme.&nbsp;<\/a><\/p>\n\n\n\n<p style=\"font-size:14px\"><a rel=\"noreferrer noopener\" href=\"http:\/\/yogandlov.com\/wp-content\/uploads\/2022\/09\/10.-Meditation-10.03.2022.mp3\" target=\"_blank\">\u30fb10.03.2022 &#8211; Inviter l\u2019aisance, la douceur, la bienveillance \u00e0 prendre une place plus importante dans notre ressenti int\u00e9rieur. Faire grandir le sentiment d\u2019espace, de calme en soi.<\/a><\/p>\n\n\n\n<p style=\"font-size:14px\"><a rel=\"noreferrer noopener\" href=\"http:\/\/yogandlov.com\/wp-content\/uploads\/2022\/09\/6.-Meditation-10.02.2022.mp3\" target=\"_blank\">\u30fb10.02.2022 &#8211; Un moment d&rsquo;assise pour s&rsquo;accueillir tel que nous sommes. Conscientiser la communication entre l&rsquo;espace int\u00e9rieur et l&rsquo;espace ext\u00e9rieur, et laisser leur relation s&rsquo;harmoniser.&nbsp;<\/a><\/p>\n\n\n\n<hr class=\"wp-block-separator has-css-opacity\"\/>\n\n\n\n<p class=\"has-text-align-center has-normal-font-size\"><strong>2021<\/strong><\/p>\n\n\n\n<hr class=\"wp-block-separator has-css-opacity\"\/>\n\n\n\n<p style=\"font-size:14px\"><a href=\"http:\/\/yogandlov.com\/wp-content\/uploads\/2022\/09\/29.-Meditation-16.12.2021.mp3\" target=\"_blank\" rel=\"noreferrer noopener\">\u30fb16.12.2021 &#8211; Se connecter \u00e0 sa nature divine. Tout est d\u00e9j\u00e0 l\u00e0, \u00e0 l&rsquo;int\u00e9rieur de toi.<\/a><\/p>\n\n\n\n<p style=\"font-size:14px\"><a href=\"http:\/\/yogandlov.com\/wp-content\/uploads\/2022\/09\/26.-Meditation-25.11.2021.mp3\" target=\"_blank\" rel=\"noreferrer noopener\">\u30fb25.11.2021 &#8211; Un moment d&rsquo;introspection, pour aller voir avec une tendre curiosit\u00e9, ce qui aurait besoin d&rsquo;attention, de soin. Y amener de la lumi\u00e8re, l&rsquo;envelopper de tendresse. <\/a><\/p>\n\n\n\n<p style=\"font-size:14px\">\u30fb<a href=\"http:\/\/yogandlov.com\/wp-content\/uploads\/2022\/09\/16.-Meditation-16.09.2021.mp3\" target=\"_blank\" rel=\"noreferrer noopener\">16.09.2021 &#8211; Un moment de connexion avec soi-m\u00eame, avec son \u00eatre profond, et avec le Grand Tout.&nbsp;<\/a><\/p>\n\n\n\n<p style=\"font-size:14px\"><a href=\"http:\/\/yogandlov.com\/wp-content\/uploads\/2022\/09\/11.-Meditation-12.08.2021.mp3\" target=\"_blank\" rel=\"noreferrer noopener\">\u30fb12.08.2021 &#8211; Pour un moment qui recentre et apaise.<\/a><\/p>","protected":false},"excerpt":{"rendered":"<p>Si vous souhaitez offrir une participation \u00e0 ces partages, voici le lien \u2661 DE COEUR \u00c0 COEUR \u30fb09.04.2026 &#8211; Voir les tensions se dissoudre dans l\u2019\u00e9coute. \u30fb19.03.2026 &#8211; Attention ouverte \u30fb12.02.2026 &#8211; Du corps vers l\u2019espace, de l\u2019espace au corps, jusqu\u2019\u00e0 ce que ils ne fassent plus qu\u2019un.&nbsp; \u30fb22.01.2026 &#8211; L\u2019apparition est d\u00e9j\u00e0 accueil&nbsp; 2025 [&hellip;]<\/p>\n","protected":false},"author":1,"featured_media":0,"parent":0,"menu_order":0,"comment_status":"closed","ping_status":"closed","template":"","meta":{"footnotes":""},"class_list":["post-33586","page","type-page","status-publish","hentry"],"_links":{"self":[{"href":"https:\/\/yogandlov.com\/en\/wp-json\/wp\/v2\/pages\/33586","targetHints":{"allow":["GET"]}}],"collection":[{"href":"https:\/\/yogandlov.com\/en\/wp-json\/wp\/v2\/pages"}],"about":[{"href":"https:\/\/yogandlov.com\/en\/wp-json\/wp\/v2\/types\/page"}],"author":[{"embeddable":true,"href":"https:\/\/yogandlov.com\/en\/wp-json\/wp\/v2\/users\/1"}],"replies":[{"embeddable":true,"href":"https:\/\/yogandlov.com\/en\/wp-json\/wp\/v2\/comments?post=33586"}],"version-history":[{"count":136,"href":"https:\/\/yogandlov.com\/en\/wp-json\/wp\/v2\/pages\/33586\/revisions"}],"predecessor-version":[{"id":34772,"href":"https:\/\/yogandlov.com\/en\/wp-json\/wp\/v2\/pages\/33586\/revisions\/34772"}],"wp:attachment":[{"href":"https:\/\/yogandlov.com\/en\/wp-json\/wp\/v2\/media?parent=33586"}],"curies":[{"name":"wp","href":"https:\/\/api.w.org\/{rel}","templated":true}]}}