{"id":34549,"date":"2026-04-23T21:45:28","date_gmt":"2026-04-23T19:45:28","guid":{"rendered":"http:\/\/yogandlov.com\/?page_id=34549"},"modified":"2026-04-23T21:54:59","modified_gmt":"2026-04-23T19:54:59","slug":"retraite-privee","status":"publish","type":"page","link":"https:\/\/yogandlov.com\/en\/retraite-privee\/","title":{"rendered":"Retraite priv\u00e9e"},"content":{"rendered":"<p class=\"has-text-align-center\" style=\"font-size:26px\">IN THE SINCERITY OF THE MOMENT \u26ac FOR A SHARING \u26ac FROM HEART TO HEART <\/p>\n\n\n\n<div style=\"height:51px\" aria-hidden=\"true\" class=\"wp-block-spacer\"><\/div>\n\n\n\n<figure class=\"wp-block-gallery has-nested-images columns-default is-cropped wp-block-gallery-1 is-layout-flex wp-block-gallery-is-layout-flex\">\n<figure class=\"wp-block-image size-large\"><img loading=\"lazy\" decoding=\"async\" width=\"1024\" height=\"767\" data-id=\"34683\" src=\"http:\/\/yogandlov.com\/wp-content\/uploads\/2025\/12\/20250219_085800-1024x767.jpg\" alt=\"\" class=\"wp-image-34683\" srcset=\"https:\/\/yogandlov.com\/wp-content\/uploads\/2025\/12\/20250219_085800-1024x767.jpg 1024w, https:\/\/yogandlov.com\/wp-content\/uploads\/2025\/12\/20250219_085800-300x225.jpg 300w, https:\/\/yogandlov.com\/wp-content\/uploads\/2025\/12\/20250219_085800-768x576.jpg 768w, https:\/\/yogandlov.com\/wp-content\/uploads\/2025\/12\/20250219_085800-1536x1151.jpg 1536w, https:\/\/yogandlov.com\/wp-content\/uploads\/2025\/12\/20250219_085800-2048x1535.jpg 2048w, https:\/\/yogandlov.com\/wp-content\/uploads\/2025\/12\/20250219_085800-16x12.jpg 16w\" sizes=\"auto, (max-width: 1024px) 100vw, 1024px\" \/><\/figure>\n\n\n\n<figure class=\"wp-block-image size-large\"><img loading=\"lazy\" decoding=\"async\" width=\"1024\" height=\"768\" data-id=\"34682\" src=\"http:\/\/yogandlov.com\/wp-content\/uploads\/2025\/12\/20250315_065245-1024x768.jpg\" alt=\"\" class=\"wp-image-34682\" srcset=\"https:\/\/yogandlov.com\/wp-content\/uploads\/2025\/12\/20250315_065245-1024x768.jpg 1024w, https:\/\/yogandlov.com\/wp-content\/uploads\/2025\/12\/20250315_065245-300x225.jpg 300w, https:\/\/yogandlov.com\/wp-content\/uploads\/2025\/12\/20250315_065245-768x576.jpg 768w, https:\/\/yogandlov.com\/wp-content\/uploads\/2025\/12\/20250315_065245-1536x1152.jpg 1536w, https:\/\/yogandlov.com\/wp-content\/uploads\/2025\/12\/20250315_065245-2048x1536.jpg 2048w, https:\/\/yogandlov.com\/wp-content\/uploads\/2025\/12\/20250315_065245-16x12.jpg 16w\" sizes=\"auto, (max-width: 1024px) 100vw, 1024px\" \/><\/figure>\n\n\n\n<figure class=\"wp-block-image size-large\"><img loading=\"lazy\" decoding=\"async\" width=\"1024\" height=\"768\" data-id=\"34688\" src=\"http:\/\/yogandlov.com\/wp-content\/uploads\/2025\/12\/20250216_080748-1024x768.jpg\" alt=\"\" class=\"wp-image-34688\" srcset=\"https:\/\/yogandlov.com\/wp-content\/uploads\/2025\/12\/20250216_080748-1024x768.jpg 1024w, https:\/\/yogandlov.com\/wp-content\/uploads\/2025\/12\/20250216_080748-300x225.jpg 300w, https:\/\/yogandlov.com\/wp-content\/uploads\/2025\/12\/20250216_080748-768x576.jpg 768w, https:\/\/yogandlov.com\/wp-content\/uploads\/2025\/12\/20250216_080748-1536x1152.jpg 1536w, https:\/\/yogandlov.com\/wp-content\/uploads\/2025\/12\/20250216_080748-2048x1536.jpg 2048w, https:\/\/yogandlov.com\/wp-content\/uploads\/2025\/12\/20250216_080748-16x12.jpg 16w\" sizes=\"auto, (max-width: 1024px) 100vw, 1024px\" \/><\/figure>\n\n\n\n<figure class=\"wp-block-image size-large\"><img loading=\"lazy\" decoding=\"async\" width=\"768\" height=\"1024\" data-id=\"34686\" src=\"http:\/\/yogandlov.com\/wp-content\/uploads\/2025\/12\/20250227_085441-768x1024.jpg\" alt=\"\" class=\"wp-image-34686\" srcset=\"https:\/\/yogandlov.com\/wp-content\/uploads\/2025\/12\/20250227_085441-768x1024.jpg 768w, https:\/\/yogandlov.com\/wp-content\/uploads\/2025\/12\/20250227_085441-225x300.jpg 225w, https:\/\/yogandlov.com\/wp-content\/uploads\/2025\/12\/20250227_085441-1152x1536.jpg 1152w, https:\/\/yogandlov.com\/wp-content\/uploads\/2025\/12\/20250227_085441-1536x2048.jpg 1536w, https:\/\/yogandlov.com\/wp-content\/uploads\/2025\/12\/20250227_085441-9x12.jpg 9w, https:\/\/yogandlov.com\/wp-content\/uploads\/2025\/12\/20250227_085441-scaled.jpg 1920w\" sizes=\"auto, (max-width: 768px) 100vw, 768px\" \/><\/figure>\n\n\n\n<figure class=\"wp-block-image size-large\"><img loading=\"lazy\" decoding=\"async\" width=\"1024\" height=\"768\" data-id=\"34689\" src=\"http:\/\/yogandlov.com\/wp-content\/uploads\/2025\/12\/20241216_073317-1024x768.jpg\" alt=\"\" class=\"wp-image-34689\" srcset=\"https:\/\/yogandlov.com\/wp-content\/uploads\/2025\/12\/20241216_073317-1024x768.jpg 1024w, https:\/\/yogandlov.com\/wp-content\/uploads\/2025\/12\/20241216_073317-300x225.jpg 300w, https:\/\/yogandlov.com\/wp-content\/uploads\/2025\/12\/20241216_073317-768x576.jpg 768w, https:\/\/yogandlov.com\/wp-content\/uploads\/2025\/12\/20241216_073317-1536x1152.jpg 1536w, https:\/\/yogandlov.com\/wp-content\/uploads\/2025\/12\/20241216_073317-2048x1536.jpg 2048w, https:\/\/yogandlov.com\/wp-content\/uploads\/2025\/12\/20241216_073317-16x12.jpg 16w\" sizes=\"auto, (max-width: 1024px) 100vw, 1024px\" \/><\/figure>\n\n\n\n<figure class=\"wp-block-image size-large\"><img loading=\"lazy\" decoding=\"async\" width=\"1024\" height=\"768\" data-id=\"34685\" src=\"http:\/\/yogandlov.com\/wp-content\/uploads\/2025\/12\/20250223_153534-1024x768.jpg\" alt=\"\" class=\"wp-image-34685\" srcset=\"https:\/\/yogandlov.com\/wp-content\/uploads\/2025\/12\/20250223_153534-1024x768.jpg 1024w, https:\/\/yogandlov.com\/wp-content\/uploads\/2025\/12\/20250223_153534-300x225.jpg 300w, https:\/\/yogandlov.com\/wp-content\/uploads\/2025\/12\/20250223_153534-768x576.jpg 768w, https:\/\/yogandlov.com\/wp-content\/uploads\/2025\/12\/20250223_153534-1536x1152.jpg 1536w, https:\/\/yogandlov.com\/wp-content\/uploads\/2025\/12\/20250223_153534-2048x1536.jpg 2048w, https:\/\/yogandlov.com\/wp-content\/uploads\/2025\/12\/20250223_153534-16x12.jpg 16w\" sizes=\"auto, (max-width: 1024px) 100vw, 1024px\" \/><\/figure>\n<\/figure>\n\n\n\n<div style=\"height:15px\" aria-hidden=\"true\" class=\"wp-block-spacer\"><\/div>\n\n\n\n<p class=\"has-text-align-center\">A PLACE WHERE LIFE SLOWS DOWN<\/p>\n\n\n\n<p class=\"has-text-align-center\">WHERE THE ELEMENTS SHAKE US AND ENVELOP US AT THE SAME TIME<\/p>\n\n\n\n<p class=\"has-text-align-center\">A PLACE TO MEET ONESELF <\/p>\n\n\n\n<p class=\"has-text-align-center\">WITH LOVE AND SINCERITY <\/p>\n\n\n\n<p class=\"has-text-align-center\">PROFOUND AND GROUNDED PRACTICES <\/p>\n\n\n\n<p class=\"has-text-align-center\">MOMENTS OF SIMPLICITY <\/p>\n\n\n\n<p class=\"has-text-align-center\">\u2661<\/p>\n\n\n\n<p class=\"has-text-align-center\">These individual or semi-individual retreats neither have a schedule, nor a precise model, they are designed according to everyone's wishes and needs. The accommodation and the meals are not included, and I don't organise them myself, but I am happy to help you find something nice according to your budget. <\/p>\n\n\n\n<p class=\"has-text-align-center\">Without claiming to teach anything, I simply wish to create moments conducive to presence, and let within that silence be revealed.<\/p>\n\n\n\n<p class=\"has-text-align-center\">If it echoes, write to me \ud83d\udc9a<\/p>\n\n\n\n<p class=\"has-text-align-center\"><a href=\"mailto:carole@yogandlov.com\">carole@yogandlov.com<\/a><\/p>","protected":false},"excerpt":{"rendered":"<p>DANS LA SINC\u00c9RIT\u00c9 DU MOMENT \u26ac POUR UN PARTAGE \u26ac DE COEUR \u00c0 COEUR UN LIEU O\u00d9 LA VIE VA AU RALENTI O\u00d9 LES \u00c9L\u00c9MENTS SECOUENT ET ENVELOPPENT \u00c0 LA FOIS UN LIEU O\u00d9 SE RENCONTRER AVEC AMOUR ET SINC\u00c9RIT\u00c9 DES PRATIQUES PROFONDES ET ANCR\u00c9ES DES MOMENTS DE SIMPLICIT\u00c9S \u2661 Ces retraites individuelles ou semi-individuelles, [&hellip;]<\/p>\n","protected":false},"author":1,"featured_media":0,"parent":0,"menu_order":0,"comment_status":"closed","ping_status":"closed","template":"","meta":{"footnotes":""},"class_list":["post-34549","page","type-page","status-publish","hentry"],"_links":{"self":[{"href":"https:\/\/yogandlov.com\/en\/wp-json\/wp\/v2\/pages\/34549","targetHints":{"allow":["GET"]}}],"collection":[{"href":"https:\/\/yogandlov.com\/en\/wp-json\/wp\/v2\/pages"}],"about":[{"href":"https:\/\/yogandlov.com\/en\/wp-json\/wp\/v2\/types\/page"}],"author":[{"embeddable":true,"href":"https:\/\/yogandlov.com\/en\/wp-json\/wp\/v2\/users\/1"}],"replies":[{"embeddable":true,"href":"https:\/\/yogandlov.com\/en\/wp-json\/wp\/v2\/comments?post=34549"}],"version-history":[{"count":23,"href":"https:\/\/yogandlov.com\/en\/wp-json\/wp\/v2\/pages\/34549\/revisions"}],"predecessor-version":[{"id":34790,"href":"https:\/\/yogandlov.com\/en\/wp-json\/wp\/v2\/pages\/34549\/revisions\/34790"}],"wp:attachment":[{"href":"https:\/\/yogandlov.com\/en\/wp-json\/wp\/v2\/media?parent=34549"}],"curies":[{"name":"wp","href":"https:\/\/api.w.org\/{rel}","templated":true}]}}